{"id":153,"date":"2024-09-05T14:19:39","date_gmt":"2024-09-05T14:19:39","guid":{"rendered":"https:\/\/skyoftenerife.site\/?page_id=153"},"modified":"2025-09-23T13:55:37","modified_gmt":"2025-09-23T13:55:37","slug":"about","status":"publish","type":"page","link":"https:\/\/skyoftenerife.site\/es\/about\/","title":{"rendered":"About"},"content":{"rendered":"<div data-elementor-type=\"wp-page\" data-elementor-id=\"153\" class=\"elementor elementor-153\" data-elementor-post-type=\"page\">\n\t\t\t\t<div class=\"elementor-element elementor-element-74e956fb e-flex e-con-boxed e-con e-parent\" data-id=\"74e956fb\" data-element_type=\"container\" data-settings=\"{&quot;background_background&quot;:&quot;classic&quot;}\">\n\t\t\t\t\t<div class=\"e-con-inner\">\n\t\t<div class=\"elementor-element elementor-element-7c0e8568 e-con-full e-flex e-con e-child\" data-id=\"7c0e8568\" data-element_type=\"container\">\n\t\t\t\t<div class=\"elementor-element elementor-element-411b4628 elementor-widget-mobile__width-inherit elementor-widget__width-inherit elementor-widget elementor-widget-heading\" data-id=\"411b4628\" data-element_type=\"widget\" data-widget_type=\"heading.default\">\n\t\t\t\t<div class=\"elementor-widget-container\">\n\t\t\t\t\t<h1 class=\"elementor-heading-title elementor-size-default\">Conoce a nuestras expertas pilotos de parapente en Tenerife<\/h1>\t\t\t\t<\/div>\n\t\t\t\t<\/div>\n\t\t\t\t<\/div>\n\t\t\t\t\t<\/div>\n\t\t\t\t<\/div>\n\t\t<div class=\"elementor-element elementor-element-423a315e e-flex e-con-boxed e-con e-parent\" data-id=\"423a315e\" data-element_type=\"container\" data-settings=\"{&quot;background_background&quot;:&quot;classic&quot;}\">\n\t\t\t\t\t<div class=\"e-con-inner\">\n\t\t<div class=\"elementor-element elementor-element-1160ff6c e-con-full e-flex e-con e-child\" data-id=\"1160ff6c\" data-element_type=\"container\">\n\t\t<div class=\"elementor-element elementor-element-772b792 e-grid e-con-boxed e-con e-child\" data-id=\"772b792\" data-element_type=\"container\" data-settings=\"{&quot;background_background&quot;:&quot;classic&quot;}\">\n\t\t\t\t\t<div class=\"e-con-inner\">\n\t\t\t\t<div class=\"elementor-element elementor-element-35754ea elementor-widget elementor-widget-image\" data-id=\"35754ea\" data-element_type=\"widget\" data-widget_type=\"image.default\">\n\t\t\t\t<div class=\"elementor-widget-container\">\n\t\t\t\t\t\t\t\t\t\t\t\t\t\t\t<img fetchpriority=\"high\" decoding=\"async\" width=\"768\" height=\"432\" src=\"https:\/\/skyoftenerife.site\/wp-content\/uploads\/2024\/09\/Sky-Dany-S.L.-Tenerife-25-768x432-1.jpg\" class=\"attachment-large size-large wp-image-443\" alt=\"paragliding pilots\" srcset=\"https:\/\/skyoftenerife.site\/wp-content\/uploads\/2024\/09\/Sky-Dany-S.L.-Tenerife-25-768x432-1.jpg 768w, https:\/\/skyoftenerife.site\/wp-content\/uploads\/2024\/09\/Sky-Dany-S.L.-Tenerife-25-768x432-1-300x169.jpg 300w, https:\/\/skyoftenerife.site\/wp-content\/uploads\/2024\/09\/Sky-Dany-S.L.-Tenerife-25-768x432-1-18x10.jpg 18w\" sizes=\"(max-width: 768px) 100vw, 768px\" \/>\t\t\t\t\t\t\t\t\t\t\t\t\t\t\t<\/div>\n\t\t\t\t<\/div>\n\t\t\t\t<div class=\"elementor-element elementor-element-5a60b0c5 elementor-widget elementor-widget-spacer\" data-id=\"5a60b0c5\" data-element_type=\"widget\" data-widget_type=\"spacer.default\">\n\t\t\t\t<div class=\"elementor-widget-container\">\n\t\t\t\t\t\t\t<div class=\"elementor-spacer\">\n\t\t\t<div class=\"elementor-spacer-inner\"><\/div>\n\t\t<\/div>\n\t\t\t\t\t\t<\/div>\n\t\t\t\t<\/div>\n\t\t\t\t\t<\/div>\n\t\t\t\t<\/div>\n\t\t\t\t<\/div>\n\t\t<div class=\"elementor-element elementor-element-1af5350 e-con-full e-flex e-con e-child\" data-id=\"1af5350\" data-element_type=\"container\">\n\t\t<div class=\"elementor-element elementor-element-6b3b3383 e-flex e-con-boxed e-con e-child\" data-id=\"6b3b3383\" data-element_type=\"container\">\n\t\t\t\t\t<div class=\"e-con-inner\">\n\t\t\t\t<div class=\"elementor-element elementor-element-c39d8a3 elementor-widget elementor-widget-heading\" data-id=\"c39d8a3\" data-element_type=\"widget\" data-widget_type=\"heading.default\">\n\t\t\t\t<div class=\"elementor-widget-container\">\n\t\t\t\t\t<h4 class=\"elementor-heading-title elementor-size-default\">Daniel Crespo es un piloto experto con m\u00e1s de 30 a\u00f1os de experiencia y l\u00edder de nuestro equipo de parapente. Daniel tambi\u00e9n es Campe\u00f3n de Espa\u00f1a de Parapente y Campe\u00f3n del Mundo de Paratrike.<\/h4>\t\t\t\t<\/div>\n\t\t\t\t<\/div>\n\t\t\t\t\t<\/div>\n\t\t\t\t<\/div>\n\t\t<div class=\"elementor-element elementor-element-41b3bcd5 e-flex e-con-boxed e-con e-child\" data-id=\"41b3bcd5\" data-element_type=\"container\" data-settings=\"{&quot;background_background&quot;:&quot;classic&quot;}\">\n\t\t\t\t\t<div class=\"e-con-inner\">\n\t\t\t\t<div class=\"elementor-element elementor-element-abde227 elementor-widget-divider--view-line elementor-widget elementor-widget-divider\" data-id=\"abde227\" data-element_type=\"widget\" data-widget_type=\"divider.default\">\n\t\t\t\t<div class=\"elementor-widget-container\">\n\t\t\t\t\t\t\t<div class=\"elementor-divider\">\n\t\t\t<span class=\"elementor-divider-separator\">\n\t\t\t\t\t\t<\/span>\n\t\t<\/div>\n\t\t\t\t\t\t<\/div>\n\t\t\t\t<\/div>\n\t\t\t\t<div class=\"elementor-element elementor-element-95d0b66 elementor-widget elementor-widget-text-editor\" data-id=\"95d0b66\" data-element_type=\"widget\" data-widget_type=\"text-editor.default\">\n\t\t\t\t<div class=\"elementor-widget-container\">\n\t\t\t\t\t\t\t\t\t<p>Volar es mi pasi\u00f3n y me siento como un embajador de este deporte, por lo que nuestra filosof\u00eda es ofrecer la mejor experiencia de vuelo posible. Contamos con un equipo carism\u00e1tico de pilotos de parapente expertos y multiling\u00fces. As\u00ed, podemos comunicarnos en varios idiomas: espa\u00f1ol, ingl\u00e9s, alem\u00e1n, franc\u00e9s, italiano y checo.<\/p><p>Sky of Tenerife es la \u00fanica compa\u00f1\u00eda de parapente en Tenerife con un centro de vuelo. Nos enorgullecemos de lo que hacemos y nos gusta tratar bien a nuestros pasajeros, por eso no los recibimos en un aparcamiento.<\/p><p>Adem\u00e1s, si se encuentra en la zona de Adeje y Costa Adeje, incluimos el servicio de recogida.<\/p><p><span style=\"font-size: 16px;\">.<\/span><\/p>\t\t\t\t\t\t\t\t<\/div>\n\t\t\t\t<\/div>\n\t\t<div class=\"elementor-element elementor-element-68cd902 e-con-full e-flex e-con e-child\" data-id=\"68cd902\" data-element_type=\"container\">\n\t\t<div class=\"elementor-element elementor-element-dad4d8e e-con-full e-flex e-con e-child\" data-id=\"dad4d8e\" data-element_type=\"container\">\n\t\t<div class=\"elementor-element elementor-element-0f66562 e-con-full e-flex e-con e-child\" data-id=\"0f66562\" data-element_type=\"container\">\n\t\t\t\t<div class=\"elementor-element elementor-element-828a34a elementor-widget__width-initial elementor-widget elementor-widget-button\" data-id=\"828a34a\" data-element_type=\"widget\" data-widget_type=\"button.default\">\n\t\t\t\t<div class=\"elementor-widget-container\">\n\t\t\t\t\t\t\t\t\t<div class=\"elementor-button-wrapper\">\n\t\t\t\t\t<a class=\"elementor-button elementor-button-link elementor-size-sm\" href=\"https:\/\/skyoftenerife.site\/es\/paragliding\/\">\n\t\t\t\t\t\t<span class=\"elementor-button-content-wrapper\">\n\t\t\t\t\t\t\t\t\t<span class=\"elementor-button-text\">Parapente<\/span>\n\t\t\t\t\t<\/span>\n\t\t\t\t\t<\/a>\n\t\t\t\t<\/div>\n\t\t\t\t\t\t\t\t<\/div>\n\t\t\t\t<\/div>\n\t\t\t\t<\/div>\n\t\t<div class=\"elementor-element elementor-element-1b37152 e-con-full e-flex e-con e-child\" data-id=\"1b37152\" data-element_type=\"container\">\n\t\t\t\t<div class=\"elementor-element elementor-element-f2aaf8d elementor-widget elementor-widget-button\" data-id=\"f2aaf8d\" data-element_type=\"widget\" data-widget_type=\"button.default\">\n\t\t\t\t<div class=\"elementor-widget-container\">\n\t\t\t\t\t\t\t\t\t<div class=\"elementor-button-wrapper\">\n\t\t\t\t\t<a class=\"elementor-button elementor-button-link elementor-size-sm\" href=\"https:\/\/skyoftenerife.site\/es\/paratrike\/\">\n\t\t\t\t\t\t<span class=\"elementor-button-content-wrapper\">\n\t\t\t\t\t\t\t\t\t<span class=\"elementor-button-text\">Paratrike<\/span>\n\t\t\t\t\t<\/span>\n\t\t\t\t\t<\/a>\n\t\t\t\t<\/div>\n\t\t\t\t\t\t\t\t<\/div>\n\t\t\t\t<\/div>\n\t\t\t\t<\/div>\n\t\t\t\t<\/div>\n\t\t\t\t<\/div>\n\t\t\t\t\t<\/div>\n\t\t\t\t<\/div>\n\t\t\t\t<\/div>\n\t\t\t\t\t<\/div>\n\t\t\t\t<\/div>\n\t\t<div class=\"elementor-element elementor-element-3ff60ab elementor-hidden-desktop elementor-hidden-tablet elementor-hidden-mobile e-flex e-con-boxed e-con e-parent\" data-id=\"3ff60ab\" data-element_type=\"container\" data-settings=\"{&quot;background_background&quot;:&quot;classic&quot;}\">\n\t\t\t\t\t<div class=\"e-con-inner\">\n\t\t<div class=\"elementor-element elementor-element-1fd2e13 e-con-full e-flex e-con e-child\" data-id=\"1fd2e13\" data-element_type=\"container\">\n\t\t<div class=\"elementor-element elementor-element-9aaa1b7 e-grid e-con-boxed e-con e-child\" data-id=\"9aaa1b7\" data-element_type=\"container\" data-settings=\"{&quot;background_background&quot;:&quot;classic&quot;}\">\n\t\t\t\t\t<div class=\"e-con-inner\">\n\t\t\t\t<div class=\"elementor-element elementor-element-277deb4 elementor-widget elementor-widget-image\" data-id=\"277deb4\" data-element_type=\"widget\" data-widget_type=\"image.default\">\n\t\t\t\t<div class=\"elementor-widget-container\">\n\t\t\t\t\t\t\t\t\t\t\t\t\t\t\t<img fetchpriority=\"high\" decoding=\"async\" width=\"768\" height=\"432\" src=\"https:\/\/skyoftenerife.site\/wp-content\/uploads\/2024\/09\/Sky-Dany-S.L.-Tenerife-25-768x432-1.jpg\" class=\"attachment-large size-large wp-image-443\" alt=\"paragliding pilots\" srcset=\"https:\/\/skyoftenerife.site\/wp-content\/uploads\/2024\/09\/Sky-Dany-S.L.-Tenerife-25-768x432-1.jpg 768w, https:\/\/skyoftenerife.site\/wp-content\/uploads\/2024\/09\/Sky-Dany-S.L.-Tenerife-25-768x432-1-300x169.jpg 300w, https:\/\/skyoftenerife.site\/wp-content\/uploads\/2024\/09\/Sky-Dany-S.L.-Tenerife-25-768x432-1-18x10.jpg 18w\" sizes=\"(max-width: 768px) 100vw, 768px\" \/>\t\t\t\t\t\t\t\t\t\t\t\t\t\t\t<\/div>\n\t\t\t\t<\/div>\n\t\t\t\t<div class=\"elementor-element elementor-element-bb69d40 elementor-widget elementor-widget-spacer\" data-id=\"bb69d40\" data-element_type=\"widget\" data-widget_type=\"spacer.default\">\n\t\t\t\t<div class=\"elementor-widget-container\">\n\t\t\t\t\t\t\t<div class=\"elementor-spacer\">\n\t\t\t<div class=\"elementor-spacer-inner\"><\/div>\n\t\t<\/div>\n\t\t\t\t\t\t<\/div>\n\t\t\t\t<\/div>\n\t\t\t\t\t<\/div>\n\t\t\t\t<\/div>\n\t\t\t\t<\/div>\n\t\t<div class=\"elementor-element elementor-element-7d69f9c e-con-full e-flex e-con e-child\" data-id=\"7d69f9c\" data-element_type=\"container\">\n\t\t<div class=\"elementor-element elementor-element-158af7a e-flex e-con-boxed e-con e-child\" data-id=\"158af7a\" data-element_type=\"container\">\n\t\t\t\t\t<div class=\"e-con-inner\">\n\t\t\t\t<div class=\"elementor-element elementor-element-d460517 elementor-widget elementor-widget-heading\" data-id=\"d460517\" data-element_type=\"widget\" data-widget_type=\"heading.default\">\n\t\t\t\t<div class=\"elementor-widget-container\">\n\t\t\t\t\t<h4 class=\"elementor-heading-title elementor-size-default\">Daniel Crespo is an expert pilot with more than 30 years of experience and the leader of our team of paragliding pilots. Daniel is also a Spanish Paragliding Champion and Paratrike World Champion.<\/h4>\t\t\t\t<\/div>\n\t\t\t\t<\/div>\n\t\t\t\t\t<\/div>\n\t\t\t\t<\/div>\n\t\t<div class=\"elementor-element elementor-element-1ba559b e-flex e-con-boxed e-con e-child\" data-id=\"1ba559b\" data-element_type=\"container\" data-settings=\"{&quot;background_background&quot;:&quot;classic&quot;}\">\n\t\t\t\t\t<div class=\"e-con-inner\">\n\t\t\t\t<div class=\"elementor-element elementor-element-99fa3aa elementor-widget-divider--view-line elementor-widget elementor-widget-divider\" data-id=\"99fa3aa\" data-element_type=\"widget\" data-widget_type=\"divider.default\">\n\t\t\t\t<div class=\"elementor-widget-container\">\n\t\t\t\t\t\t\t<div class=\"elementor-divider\">\n\t\t\t<span class=\"elementor-divider-separator\">\n\t\t\t\t\t\t<\/span>\n\t\t<\/div>\n\t\t\t\t\t\t<\/div>\n\t\t\t\t<\/div>\n\t\t\t\t<div class=\"elementor-element elementor-element-167aab2 elementor-widget elementor-widget-text-editor\" data-id=\"167aab2\" data-element_type=\"widget\" data-widget_type=\"text-editor.default\">\n\t\t\t\t<div class=\"elementor-widget-container\">\n\t\t\t\t\t\t\t\t\t<p>Flying is my passion and I feel like an ambassador for this sport, so our philosophy is to offer the best possible flight experience.\u00bb We have a charismatic team of expert and multilingual paragliding pilots! This way, we can communicate in several languages: Spanish, English, German, French, Italian, and Czech.<\/p><p>Sky of Tenerife is the only paragliding company in Tenerife with a\u00a0<strong>flight centre \u2013 store<\/strong>. We are proud of what we do, and we like to treat our passengers well, that is why we do not meet our customers at a parking lot\u2026<\/p><p>Also, if you are in the area of Adeje and Costa Adeje we include the pick-up service.<\/p>\t\t\t\t\t\t\t\t<\/div>\n\t\t\t\t<\/div>\n\t\t<div class=\"elementor-element elementor-element-7b9c4fe e-con-full e-flex e-con e-child\" data-id=\"7b9c4fe\" data-element_type=\"container\">\n\t\t<div class=\"elementor-element elementor-element-7241c03 e-con-full e-flex e-con e-child\" data-id=\"7241c03\" data-element_type=\"container\">\n\t\t<div class=\"elementor-element elementor-element-e14331d e-con-full e-flex e-con e-child\" data-id=\"e14331d\" data-element_type=\"container\">\n\t\t\t\t<div class=\"elementor-element elementor-element-390ea35 elementor-widget__width-initial elementor-widget elementor-widget-button\" data-id=\"390ea35\" data-element_type=\"widget\" data-widget_type=\"button.default\">\n\t\t\t\t<div class=\"elementor-widget-container\">\n\t\t\t\t\t\t\t\t\t<div class=\"elementor-button-wrapper\">\n\t\t\t\t\t<a class=\"elementor-button elementor-button-link elementor-size-sm\" href=\"https:\/\/skyoftenerife.site\/es\/paragliding\/\">\n\t\t\t\t\t\t<span class=\"elementor-button-content-wrapper\">\n\t\t\t\t\t\t\t\t\t<span class=\"elementor-button-text\">Paragliding<\/span>\n\t\t\t\t\t<\/span>\n\t\t\t\t\t<\/a>\n\t\t\t\t<\/div>\n\t\t\t\t\t\t\t\t<\/div>\n\t\t\t\t<\/div>\n\t\t\t\t<\/div>\n\t\t<div class=\"elementor-element elementor-element-f34b205 e-con-full e-flex e-con e-child\" data-id=\"f34b205\" data-element_type=\"container\">\n\t\t\t\t<div class=\"elementor-element elementor-element-bbcf40e elementor-widget elementor-widget-button\" data-id=\"bbcf40e\" data-element_type=\"widget\" data-widget_type=\"button.default\">\n\t\t\t\t<div class=\"elementor-widget-container\">\n\t\t\t\t\t\t\t\t\t<div class=\"elementor-button-wrapper\">\n\t\t\t\t\t<a class=\"elementor-button elementor-button-link elementor-size-sm\" href=\"https:\/\/skyoftenerife.site\/es\/paratrike\/\">\n\t\t\t\t\t\t<span class=\"elementor-button-content-wrapper\">\n\t\t\t\t\t\t\t\t\t<span class=\"elementor-button-text\">Paratrike<\/span>\n\t\t\t\t\t<\/span>\n\t\t\t\t\t<\/a>\n\t\t\t\t<\/div>\n\t\t\t\t\t\t\t\t<\/div>\n\t\t\t\t<\/div>\n\t\t\t\t<\/div>\n\t\t\t\t<\/div>\n\t\t\t\t<\/div>\n\t\t\t\t\t<\/div>\n\t\t\t\t<\/div>\n\t\t\t\t<\/div>\n\t\t\t\t\t<\/div>\n\t\t\t\t<\/div>\n\t\t\t\t<\/div>","protected":false},"excerpt":{"rendered":"<p>Conoce a nuestras expertas pilotos de parapente en Tenerife Daniel Crespo es un piloto experto con m\u00e1s de 30 a\u00f1os [&hellip;]<\/p>","protected":false},"author":3,"featured_media":0,"parent":0,"menu_order":0,"comment_status":"closed","ping_status":"closed","template":"elementor_header_footer","meta":{"site-sidebar-layout":"no-sidebar","site-content-layout":"","ast-site-content-layout":"full-width-container","site-content-style":"default","site-sidebar-style":"default","ast-global-header-display":"","ast-banner-title-visibility":"","ast-main-header-display":"","ast-hfb-above-header-display":"","ast-hfb-below-header-display":"","ast-hfb-mobile-header-display":"","site-post-title":"disabled","ast-breadcrumbs-content":"","ast-featured-img":"disabled","footer-sml-layout":"","theme-transparent-header-meta":"","adv-header-id-meta":"","stick-header-meta":"","header-above-stick-meta":"","header-main-stick-meta":"","header-below-stick-meta":"","astra-migrate-meta-layouts":"default","ast-page-background-enabled":"default","ast-page-background-meta":{"desktop":{"background-color":"var(--ast-global-color-4)","background-image":"","background-repeat":"repeat","background-position":"center center","background-size":"auto","background-attachment":"scroll","background-type":"","background-media":"","overlay-type":"","overlay-color":"","overlay-opacity":"","overlay-gradient":""},"tablet":{"background-color":"","background-image":"","background-repeat":"repeat","background-position":"center center","background-size":"auto","background-attachment":"scroll","background-type":"","background-media":"","overlay-type":"","overlay-color":"","overlay-opacity":"","overlay-gradient":""},"mobile":{"background-color":"","background-image":"","background-repeat":"repeat","background-position":"center center","background-size":"auto","background-attachment":"scroll","background-type":"","background-media":"","overlay-type":"","overlay-color":"","overlay-opacity":"","overlay-gradient":""}},"ast-content-background-meta":{"desktop":{"background-color":"var(--ast-global-color-5)","background-image":"","background-repeat":"repeat","background-position":"center center","background-size":"auto","background-attachment":"scroll","background-type":"","background-media":"","overlay-type":"","overlay-color":"","overlay-opacity":"","overlay-gradient":""},"tablet":{"background-color":"var(--ast-global-color-5)","background-image":"","background-repeat":"repeat","background-position":"center center","background-size":"auto","background-attachment":"scroll","background-type":"","background-media":"","overlay-type":"","overlay-color":"","overlay-opacity":"","overlay-gradient":""},"mobile":{"background-color":"var(--ast-global-color-5)","background-image":"","background-repeat":"repeat","background-position":"center center","background-size":"auto","background-attachment":"scroll","background-type":"","background-media":"","overlay-type":"","overlay-color":"","overlay-opacity":"","overlay-gradient":""}},"footnotes":""},"class_list":["post-153","page","type-page","status-publish","hentry"],"yoast_head":"<!-- This site is optimized with the Yoast SEO plugin v25.0 - https:\/\/yoast.com\/wordpress\/plugins\/seo\/ -->\n<title>Paragliding Pilots - About - skyoftenerife.site<\/title>\n<meta name=\"description\" content=\"We have a charismatic team of expert and multilingual paragliding pilots! This way, we can communicate in several languages.\" \/>\n<meta name=\"robots\" content=\"index, follow, max-snippet:-1, max-image-preview:large, max-video-preview:-1\" \/>\n<link rel=\"canonical\" href=\"https:\/\/skyoftenerife.site\/es\/about\/\" \/>\n<meta property=\"og:locale\" content=\"es_MX\" \/>\n<meta property=\"og:type\" content=\"article\" \/>\n<meta property=\"og:title\" content=\"Paragliding Pilots - About - skyoftenerife.site\" \/>\n<meta property=\"og:description\" content=\"We have a charismatic team of expert and multilingual paragliding pilots! This way, we can communicate in several languages.\" \/>\n<meta property=\"og:url\" content=\"https:\/\/skyoftenerife.site\/es\/about\/\" \/>\n<meta property=\"og:site_name\" content=\"skyoftenerife.site\" \/>\n<meta property=\"article:modified_time\" content=\"2025-09-23T13:55:37+00:00\" \/>\n<meta property=\"og:image\" content=\"https:\/\/skyoftenerife.site\/wp-content\/uploads\/2024\/09\/Sky-Dany-S.L.-Tenerife-25-768x432-1.jpg\" \/>\n\t<meta property=\"og:image:width\" content=\"768\" \/>\n\t<meta property=\"og:image:height\" content=\"432\" \/>\n\t<meta property=\"og:image:type\" content=\"image\/jpeg\" \/>\n<meta name=\"twitter:card\" content=\"summary_large_image\" \/>\n<meta name=\"twitter:label1\" content=\"Tiempo de lectura\" \/>\n\t<meta name=\"twitter:data1\" content=\"2 minutos\" \/>\n<script type=\"application\/ld+json\" class=\"yoast-schema-graph\">{\"@context\":\"https:\/\/schema.org\",\"@graph\":[{\"@type\":\"WebPage\",\"@id\":\"https:\/\/skyoftenerife.site\/about\/\",\"url\":\"https:\/\/skyoftenerife.site\/about\/\",\"name\":\"Paragliding Pilots - About - skyoftenerife.site\",\"isPartOf\":{\"@id\":\"https:\/\/skyoftenerife.site\/#website\"},\"primaryImageOfPage\":{\"@id\":\"https:\/\/skyoftenerife.site\/about\/#primaryimage\"},\"image\":{\"@id\":\"https:\/\/skyoftenerife.site\/about\/#primaryimage\"},\"thumbnailUrl\":\"https:\/\/skyoftenerife.site\/wp-content\/uploads\/2024\/09\/Sky-Dany-S.L.-Tenerife-25-768x432-1.jpg\",\"datePublished\":\"2024-09-05T14:19:39+00:00\",\"dateModified\":\"2025-09-23T13:55:37+00:00\",\"description\":\"We have a charismatic team of expert and multilingual paragliding pilots! This way, we can communicate in several languages.\",\"breadcrumb\":{\"@id\":\"https:\/\/skyoftenerife.site\/about\/#breadcrumb\"},\"inLanguage\":\"es\",\"potentialAction\":[{\"@type\":\"ReadAction\",\"target\":[\"https:\/\/skyoftenerife.site\/about\/\"]}]},{\"@type\":\"ImageObject\",\"inLanguage\":\"es\",\"@id\":\"https:\/\/skyoftenerife.site\/about\/#primaryimage\",\"url\":\"https:\/\/skyoftenerife.site\/wp-content\/uploads\/2024\/09\/Sky-Dany-S.L.-Tenerife-25-768x432-1.jpg\",\"contentUrl\":\"https:\/\/skyoftenerife.site\/wp-content\/uploads\/2024\/09\/Sky-Dany-S.L.-Tenerife-25-768x432-1.jpg\"},{\"@type\":\"BreadcrumbList\",\"@id\":\"https:\/\/skyoftenerife.site\/about\/#breadcrumb\",\"itemListElement\":[{\"@type\":\"ListItem\",\"position\":1,\"name\":\"Portada\",\"item\":\"https:\/\/skyoftenerife.site\/\"},{\"@type\":\"ListItem\",\"position\":2,\"name\":\"About\"}]},{\"@type\":\"WebSite\",\"@id\":\"https:\/\/skyoftenerife.site\/#website\",\"url\":\"https:\/\/skyoftenerife.site\/\",\"name\":\"skyoftenerife.site\",\"description\":\"\",\"publisher\":{\"@id\":\"https:\/\/skyoftenerife.site\/#organization\"},\"potentialAction\":[{\"@type\":\"SearchAction\",\"target\":{\"@type\":\"EntryPoint\",\"urlTemplate\":\"https:\/\/skyoftenerife.site\/?s={search_term_string}\"},\"query-input\":{\"@type\":\"PropertyValueSpecification\",\"valueRequired\":true,\"valueName\":\"search_term_string\"}}],\"inLanguage\":\"es\"},{\"@type\":\"Organization\",\"@id\":\"https:\/\/skyoftenerife.site\/#organization\",\"name\":\"skyoftenerife.site\",\"url\":\"https:\/\/skyoftenerife.site\/\",\"logo\":{\"@type\":\"ImageObject\",\"inLanguage\":\"es\",\"@id\":\"https:\/\/skyoftenerife.site\/#\/schema\/logo\/image\/\",\"url\":\"https:\/\/skyoftenerife.site\/wp-content\/uploads\/2024\/09\/Sky-Dany-S.L.-Tenerife-logo.png\",\"contentUrl\":\"https:\/\/skyoftenerife.site\/wp-content\/uploads\/2024\/09\/Sky-Dany-S.L.-Tenerife-logo.png\",\"width\":500,\"height\":650,\"caption\":\"skyoftenerife.site\"},\"image\":{\"@id\":\"https:\/\/skyoftenerife.site\/#\/schema\/logo\/image\/\"}}]}<\/script>\n<!-- \/ Yoast SEO plugin. -->","yoast_head_json":{"title":"Paragliding Pilots - About - skyoftenerife.site","description":"We have a charismatic team of expert and multilingual paragliding pilots! This way, we can communicate in several languages.","robots":{"index":"index","follow":"follow","max-snippet":"max-snippet:-1","max-image-preview":"max-image-preview:large","max-video-preview":"max-video-preview:-1"},"canonical":"https:\/\/skyoftenerife.site\/es\/about\/","og_locale":"es_MX","og_type":"article","og_title":"Paragliding Pilots - About - skyoftenerife.site","og_description":"We have a charismatic team of expert and multilingual paragliding pilots! This way, we can communicate in several languages.","og_url":"https:\/\/skyoftenerife.site\/es\/about\/","og_site_name":"skyoftenerife.site","article_modified_time":"2025-09-23T13:55:37+00:00","og_image":[{"width":768,"height":432,"url":"https:\/\/skyoftenerife.site\/wp-content\/uploads\/2024\/09\/Sky-Dany-S.L.-Tenerife-25-768x432-1.jpg","type":"image\/jpeg"}],"twitter_card":"summary_large_image","twitter_misc":{"Tiempo de lectura":"2 minutos"},"schema":{"@context":"https:\/\/schema.org","@graph":[{"@type":"WebPage","@id":"https:\/\/skyoftenerife.site\/about\/","url":"https:\/\/skyoftenerife.site\/about\/","name":"Paragliding Pilots - About - skyoftenerife.site","isPartOf":{"@id":"https:\/\/skyoftenerife.site\/#website"},"primaryImageOfPage":{"@id":"https:\/\/skyoftenerife.site\/about\/#primaryimage"},"image":{"@id":"https:\/\/skyoftenerife.site\/about\/#primaryimage"},"thumbnailUrl":"https:\/\/skyoftenerife.site\/wp-content\/uploads\/2024\/09\/Sky-Dany-S.L.-Tenerife-25-768x432-1.jpg","datePublished":"2024-09-05T14:19:39+00:00","dateModified":"2025-09-23T13:55:37+00:00","description":"We have a charismatic team of expert and multilingual paragliding pilots! This way, we can communicate in several languages.","breadcrumb":{"@id":"https:\/\/skyoftenerife.site\/about\/#breadcrumb"},"inLanguage":"es","potentialAction":[{"@type":"ReadAction","target":["https:\/\/skyoftenerife.site\/about\/"]}]},{"@type":"ImageObject","inLanguage":"es","@id":"https:\/\/skyoftenerife.site\/about\/#primaryimage","url":"https:\/\/skyoftenerife.site\/wp-content\/uploads\/2024\/09\/Sky-Dany-S.L.-Tenerife-25-768x432-1.jpg","contentUrl":"https:\/\/skyoftenerife.site\/wp-content\/uploads\/2024\/09\/Sky-Dany-S.L.-Tenerife-25-768x432-1.jpg"},{"@type":"BreadcrumbList","@id":"https:\/\/skyoftenerife.site\/about\/#breadcrumb","itemListElement":[{"@type":"ListItem","position":1,"name":"Portada","item":"https:\/\/skyoftenerife.site\/"},{"@type":"ListItem","position":2,"name":"About"}]},{"@type":"WebSite","@id":"https:\/\/skyoftenerife.site\/#website","url":"https:\/\/skyoftenerife.site\/","name":"skyoftenerife.site","description":"","publisher":{"@id":"https:\/\/skyoftenerife.site\/#organization"},"potentialAction":[{"@type":"SearchAction","target":{"@type":"EntryPoint","urlTemplate":"https:\/\/skyoftenerife.site\/?s={search_term_string}"},"query-input":{"@type":"PropertyValueSpecification","valueRequired":true,"valueName":"search_term_string"}}],"inLanguage":"es"},{"@type":"Organization","@id":"https:\/\/skyoftenerife.site\/#organization","name":"skyoftenerife.site","url":"https:\/\/skyoftenerife.site\/","logo":{"@type":"ImageObject","inLanguage":"es","@id":"https:\/\/skyoftenerife.site\/#\/schema\/logo\/image\/","url":"https:\/\/skyoftenerife.site\/wp-content\/uploads\/2024\/09\/Sky-Dany-S.L.-Tenerife-logo.png","contentUrl":"https:\/\/skyoftenerife.site\/wp-content\/uploads\/2024\/09\/Sky-Dany-S.L.-Tenerife-logo.png","width":500,"height":650,"caption":"skyoftenerife.site"},"image":{"@id":"https:\/\/skyoftenerife.site\/#\/schema\/logo\/image\/"}}]}},"_links":{"self":[{"href":"https:\/\/skyoftenerife.site\/es\/wp-json\/wp\/v2\/pages\/153"}],"collection":[{"href":"https:\/\/skyoftenerife.site\/es\/wp-json\/wp\/v2\/pages"}],"about":[{"href":"https:\/\/skyoftenerife.site\/es\/wp-json\/wp\/v2\/types\/page"}],"author":[{"embeddable":true,"href":"https:\/\/skyoftenerife.site\/es\/wp-json\/wp\/v2\/users\/3"}],"replies":[{"embeddable":true,"href":"https:\/\/skyoftenerife.site\/es\/wp-json\/wp\/v2\/comments?post=153"}],"version-history":[{"count":17,"href":"https:\/\/skyoftenerife.site\/es\/wp-json\/wp\/v2\/pages\/153\/revisions"}],"predecessor-version":[{"id":703,"href":"https:\/\/skyoftenerife.site\/es\/wp-json\/wp\/v2\/pages\/153\/revisions\/703"}],"wp:attachment":[{"href":"https:\/\/skyoftenerife.site\/es\/wp-json\/wp\/v2\/media?parent=153"}],"curies":[{"name":"wp","href":"https:\/\/api.w.org\/{rel}","templated":true}]}}