{"id":149,"date":"2024-09-05T14:18:54","date_gmt":"2024-09-05T14:18:54","guid":{"rendered":"https:\/\/skyoftenerife.site\/?page_id=149"},"modified":"2025-09-23T13:25:46","modified_gmt":"2025-09-23T13:25:46","slug":"paratrike","status":"publish","type":"page","link":"https:\/\/skyoftenerife.site\/es\/paratrike\/","title":{"rendered":"Paratrike"},"content":{"rendered":"<div data-elementor-type=\"wp-page\" data-elementor-id=\"149\" class=\"elementor elementor-149\" data-elementor-post-type=\"page\">\n\t\t\t\t<div class=\"elementor-element elementor-element-1d0da94e e-flex e-con-boxed e-con e-parent\" data-id=\"1d0da94e\" data-element_type=\"container\" data-settings=\"{&quot;background_background&quot;:&quot;classic&quot;}\">\n\t\t\t\t\t<div class=\"e-con-inner\">\n\t\t<div class=\"elementor-element elementor-element-3030ef17 e-con-full e-flex e-con e-child\" data-id=\"3030ef17\" data-element_type=\"container\">\n\t\t\t\t<div class=\"elementor-element elementor-element-5a0a4674 elementor-widget-mobile__width-inherit elementor-widget__width-inherit elementor-widget elementor-widget-heading\" data-id=\"5a0a4674\" data-element_type=\"widget\" data-widget_type=\"heading.default\">\n\t\t\t\t<div class=\"elementor-widget-container\">\n\t\t\t\t\t<h2 class=\"elementor-heading-title elementor-size-default\">Paratrike<\/h2>\t\t\t\t<\/div>\n\t\t\t\t<\/div>\n\t\t\t\t<\/div>\n\t\t\t\t\t<\/div>\n\t\t\t\t<\/div>\n\t\t<div class=\"elementor-element elementor-element-18508586 e-flex e-con-boxed e-con e-parent\" data-id=\"18508586\" data-element_type=\"container\" data-settings=\"{&quot;background_background&quot;:&quot;classic&quot;}\">\n\t\t\t\t\t<div class=\"e-con-inner\">\n\t\t<div class=\"elementor-element elementor-element-47681f1c e-con-full e-flex e-con e-child\" data-id=\"47681f1c\" data-element_type=\"container\">\n\t\t<div class=\"elementor-element elementor-element-350252d5 e-grid e-con-boxed e-con e-child\" data-id=\"350252d5\" data-element_type=\"container\" data-settings=\"{&quot;background_background&quot;:&quot;classic&quot;}\">\n\t\t\t\t\t<div class=\"e-con-inner\">\n\t\t\t\t<div class=\"elementor-element elementor-element-21ffbed9 elementor-widget elementor-widget-spacer\" data-id=\"21ffbed9\" data-element_type=\"widget\" data-widget_type=\"spacer.default\">\n\t\t\t\t<div class=\"elementor-widget-container\">\n\t\t\t\t\t\t\t<div class=\"elementor-spacer\">\n\t\t\t<div class=\"elementor-spacer-inner\"><\/div>\n\t\t<\/div>\n\t\t\t\t\t\t<\/div>\n\t\t\t\t<\/div>\n\t\t\t\t\t<\/div>\n\t\t\t\t<\/div>\n\t\t\t\t<\/div>\n\t\t<div class=\"elementor-element elementor-element-363279ad e-con-full e-flex e-con e-child\" data-id=\"363279ad\" data-element_type=\"container\">\n\t\t<div class=\"elementor-element elementor-element-4b3d493f e-flex e-con-boxed e-con e-child\" data-id=\"4b3d493f\" data-element_type=\"container\">\n\t\t\t\t\t<div class=\"e-con-inner\">\n\t\t\t\t<div class=\"elementor-element elementor-element-c8ad337 elementor-widget elementor-widget-heading\" data-id=\"c8ad337\" data-element_type=\"widget\" data-widget_type=\"heading.default\">\n\t\t\t\t<div class=\"elementor-widget-container\">\n\t\t\t\t\t<h2 class=\"elementor-heading-title elementor-size-default\">Descubre la emoci\u00f3n de sobrevolar el mar con los tours en paratrike biplaza de Sky Sky Tenerife. Vuela durante aproximadamente 25 minutos y disfruta de las vistas de Costa Adeje y sus volcanes desde una perspectiva a\u00e9rea.<\/h2>\t\t\t\t<\/div>\n\t\t\t\t<\/div>\n\t\t\t\t\t<\/div>\n\t\t\t\t<\/div>\n\t\t<div class=\"elementor-element elementor-element-515b65ed e-flex e-con-boxed e-con e-child\" data-id=\"515b65ed\" data-element_type=\"container\" data-settings=\"{&quot;background_background&quot;:&quot;classic&quot;}\">\n\t\t\t\t\t<div class=\"e-con-inner\">\n\t\t\t\t<div class=\"elementor-element elementor-element-dbd42ed elementor-widget elementor-widget-text-editor\" data-id=\"dbd42ed\" data-element_type=\"widget\" data-widget_type=\"text-editor.default\">\n\t\t\t\t<div class=\"elementor-widget-container\">\n\t\t\t\t\t\t\t\t\t<p>Una experiencia de vuelo con el mejor nivel t\u00e9cnico en Tenerife: volar\u00e1s con un aut\u00e9ntico campe\u00f3n mundial, tu piloto: Daniel Crespo.<br \/>25 minutos de vuelo relajado o lleno de adrenalina, t\u00fa decides.<br \/>Disfruta de una vista a\u00e9rea de los impresionantes paisajes del sur de Tenerife: playas secretas de color turquesa, barrancos, acantilados y volcanes.<br \/>Una experiencia a tu medida con un trato cercano y divertido, pero siempre respetuoso.<\/p>\t\t\t\t\t\t\t\t<\/div>\n\t\t\t\t<\/div>\n\t\t\t\t<div class=\"elementor-element elementor-element-e3b7981 elementor-widget elementor-widget-button\" data-id=\"e3b7981\" data-element_type=\"widget\" data-widget_type=\"button.default\">\n\t\t\t\t<div class=\"elementor-widget-container\">\n\t\t\t\t\t\t\t\t\t<div class=\"elementor-button-wrapper\">\n\t\t\t\t\t<a class=\"elementor-button elementor-button-link elementor-size-sm\" href=\"https:\/\/skyoftenerife.site\/es\/contact\/\">\n\t\t\t\t\t\t<span class=\"elementor-button-content-wrapper\">\n\t\t\t\t\t\t\t\t\t<span class=\"elementor-button-text\">Reserva ahora<\/span>\n\t\t\t\t\t<\/span>\n\t\t\t\t\t<\/a>\n\t\t\t\t<\/div>\n\t\t\t\t\t\t\t\t<\/div>\n\t\t\t\t<\/div>\n\t\t\t\t\t<\/div>\n\t\t\t\t<\/div>\n\t\t\t\t<\/div>\n\t\t\t\t\t<\/div>\n\t\t\t\t<\/div>\n\t\t<div class=\"elementor-element elementor-element-76fded25 e-flex e-con-boxed e-con e-parent\" data-id=\"76fded25\" data-element_type=\"container\" data-settings=\"{&quot;background_background&quot;:&quot;classic&quot;}\">\n\t\t\t\t\t<div class=\"e-con-inner\">\n\t\t<div class=\"elementor-element elementor-element-23fa46ce e-con-full e-flex e-con e-child\" data-id=\"23fa46ce\" data-element_type=\"container\">\n\t\t<div class=\"elementor-element elementor-element-170bb3aa e-con-full e-flex e-con e-child\" data-id=\"170bb3aa\" data-element_type=\"container\">\n\t\t\t\t<div class=\"elementor-element elementor-element-7f16a557 elementor-widget elementor-widget-heading\" data-id=\"7f16a557\" data-element_type=\"widget\" data-widget_type=\"heading.default\">\n\t\t\t\t<div class=\"elementor-widget-container\">\n\t\t\t\t\t<h2 class=\"elementor-heading-title elementor-size-default\">Incluye:<\/h2>\t\t\t\t<\/div>\n\t\t\t\t<\/div>\n\t\t\t\t<div class=\"elementor-element elementor-element-47a97153 elementor-widget-divider--view-line elementor-widget elementor-widget-divider\" data-id=\"47a97153\" data-element_type=\"widget\" data-widget_type=\"divider.default\">\n\t\t\t\t<div class=\"elementor-widget-container\">\n\t\t\t\t\t\t\t<div class=\"elementor-divider\">\n\t\t\t<span class=\"elementor-divider-separator\">\n\t\t\t\t\t\t<\/span>\n\t\t<\/div>\n\t\t\t\t\t\t<\/div>\n\t\t\t\t<\/div>\n\t\t\t\t<div class=\"elementor-element elementor-element-51fa873b elementor-widget elementor-widget-text-editor\" data-id=\"51fa873b\" data-element_type=\"widget\" data-widget_type=\"text-editor.default\">\n\t\t\t\t<div class=\"elementor-widget-container\">\n\t\t\t\t\t\t\t\t\t<div class=\"wp-block-group is-layout-constrained wp-block-group-is-layout-constrained\"><div class=\"wp-block-group__inner-container\"><strong>Recogida y regreso<\/strong> a hoteles en Costa Adeje, Adeje, Las Am\u00e9ricas y Los Cristianos<br \/><strong>Casco y equipo<\/strong> de seguridad<br \/><strong>5 fotos GoPro<\/strong><br \/>Botella de <strong>agua<\/strong><br \/><strong>Opcional:<\/strong> Fotos y v\u00eddeos GoPro adicionales (coste adicional de 40 \u20ac)<br \/>Puedes ampliar tu vuelo a la opci\u00f3n VIP y volar 45 m (70 \u20ac)<\/div><\/div>\t\t\t\t\t\t\t\t<\/div>\n\t\t\t\t<\/div>\n\t\t\t\t<div class=\"elementor-element elementor-element-62fa1f73 elementor-widget elementor-widget-button\" data-id=\"62fa1f73\" data-element_type=\"widget\" data-widget_type=\"button.default\">\n\t\t\t\t<div class=\"elementor-widget-container\">\n\t\t\t\t\t\t\t\t\t<div class=\"elementor-button-wrapper\">\n\t\t\t\t\t<a class=\"elementor-button elementor-button-link elementor-size-sm\" href=\"https:\/\/skyoftenerife.site\/es\/contact\/\">\n\t\t\t\t\t\t<span class=\"elementor-button-content-wrapper\">\n\t\t\t\t\t\t\t\t\t<span class=\"elementor-button-text\">Reserva ahora<\/span>\n\t\t\t\t\t<\/span>\n\t\t\t\t\t<\/a>\n\t\t\t\t<\/div>\n\t\t\t\t\t\t\t\t<\/div>\n\t\t\t\t<\/div>\n\t\t\t\t<\/div>\n\t\t<div class=\"elementor-element elementor-element-15537163 e-con-full e-flex e-con e-child\" data-id=\"15537163\" data-element_type=\"container\">\n\t\t\t\t<div class=\"elementor-element elementor-element-42ce50e6 elementor-widget elementor-widget-image\" data-id=\"42ce50e6\" data-element_type=\"widget\" data-widget_type=\"image.default\">\n\t\t\t\t<div class=\"elementor-widget-container\">\n\t\t\t\t\t\t\t\t\t\t\t\t\t\t\t<img fetchpriority=\"high\" decoding=\"async\" width=\"768\" height=\"576\" src=\"https:\/\/skyoftenerife.site\/wp-content\/uploads\/2024\/09\/Sky-Dany-S.L.-Tenerife-19-768x576-3.jpg\" class=\"attachment-large size-large wp-image-415\" alt=\"\" srcset=\"https:\/\/skyoftenerife.site\/wp-content\/uploads\/2024\/09\/Sky-Dany-S.L.-Tenerife-19-768x576-3.jpg 768w, https:\/\/skyoftenerife.site\/wp-content\/uploads\/2024\/09\/Sky-Dany-S.L.-Tenerife-19-768x576-3-300x225.jpg 300w, https:\/\/skyoftenerife.site\/wp-content\/uploads\/2024\/09\/Sky-Dany-S.L.-Tenerife-19-768x576-3-16x12.jpg 16w\" sizes=\"(max-width: 768px) 100vw, 768px\" \/>\t\t\t\t\t\t\t\t\t\t\t\t\t\t\t<\/div>\n\t\t\t\t<\/div>\n\t\t\t\t<\/div>\n\t\t\t\t<\/div>\n\t\t\t\t\t<\/div>\n\t\t\t\t<\/div>\n\t\t<div class=\"elementor-element elementor-element-f88cb94 e-flex e-con-boxed e-con e-parent\" data-id=\"f88cb94\" data-element_type=\"container\">\n\t\t\t\t\t<div class=\"e-con-inner\">\n\t\t<div class=\"elementor-element elementor-element-862322d e-con-full e-flex e-con e-child\" data-id=\"862322d\" data-element_type=\"container\">\n\t\t\t\t<div class=\"elementor-element elementor-element-97fbcc3 elementor-widget elementor-widget-image\" data-id=\"97fbcc3\" data-element_type=\"widget\" data-widget_type=\"image.default\">\n\t\t\t\t<div class=\"elementor-widget-container\">\n\t\t\t\t\t\t\t\t\t\t\t\t\t\t\t<img decoding=\"async\" width=\"768\" height=\"576\" src=\"https:\/\/skyoftenerife.site\/wp-content\/uploads\/2024\/09\/Sky-Dany-S.L.-Tenerife-14-768x576-1.jpg\" class=\"attachment-large size-large wp-image-360\" alt=\"\" srcset=\"https:\/\/skyoftenerife.site\/wp-content\/uploads\/2024\/09\/Sky-Dany-S.L.-Tenerife-14-768x576-1.jpg 768w, https:\/\/skyoftenerife.site\/wp-content\/uploads\/2024\/09\/Sky-Dany-S.L.-Tenerife-14-768x576-1-300x225.jpg 300w, https:\/\/skyoftenerife.site\/wp-content\/uploads\/2024\/09\/Sky-Dany-S.L.-Tenerife-14-768x576-1-16x12.jpg 16w\" sizes=\"(max-width: 768px) 100vw, 768px\" \/>\t\t\t\t\t\t\t\t\t\t\t\t\t\t\t<\/div>\n\t\t\t\t<\/div>\n\t\t\t\t<\/div>\n\t\t<div class=\"elementor-element elementor-element-6335b73 e-con-full e-flex e-con e-child\" data-id=\"6335b73\" data-element_type=\"container\">\n\t\t<div class=\"elementor-element elementor-element-65815bf e-con-full e-flex e-con e-child\" data-id=\"65815bf\" data-element_type=\"container\">\n\t\t\t\t<div class=\"elementor-element elementor-element-308ccc6 elementor-widget elementor-widget-heading\" data-id=\"308ccc6\" data-element_type=\"widget\" data-widget_type=\"heading.default\">\n\t\t\t\t<div class=\"elementor-widget-container\">\n\t\t\t\t\t<h2 class=\"elementor-heading-title elementor-size-default\">No es adecuada para:<\/h2>\t\t\t\t<\/div>\n\t\t\t\t<\/div>\n\t\t\t\t<div class=\"elementor-element elementor-element-9333998 elementor-widget-divider--view-line elementor-widget elementor-widget-divider\" data-id=\"9333998\" data-element_type=\"widget\" data-widget_type=\"divider.default\">\n\t\t\t\t<div class=\"elementor-widget-container\">\n\t\t\t\t\t\t\t<div class=\"elementor-divider\">\n\t\t\t<span class=\"elementor-divider-separator\">\n\t\t\t\t\t\t<\/span>\n\t\t<\/div>\n\t\t\t\t\t\t<\/div>\n\t\t\t\t<\/div>\n\t\t\t\t<div class=\"elementor-element elementor-element-e350768 elementor-widget elementor-widget-text-editor\" data-id=\"e350768\" data-element_type=\"widget\" data-widget_type=\"text-editor.default\">\n\t\t\t\t<div class=\"elementor-widget-container\">\n\t\t\t\t\t\t\t\t\t<p><strong>Ni\u00f1os menores<\/strong> de 6 a\u00f1os<br \/>Mujeres <strong>embarazadas<\/strong><br \/><strong>Personas de m\u00e1s de 110 kg (243 lbs)<\/strong><br \/>Personas mayores de <strong>99 a\u00f1os<\/strong><br \/>Contamos con un gu\u00eda en tu idioma para que disfrutes de la mejor experiencia.<br \/>Ingl\u00e9s, espa\u00f1ol, franc\u00e9s, italiano, alem\u00e1n.<br \/>Informaci\u00f3n importante<br \/>Apto para personas en silla de ruedas.<br \/>Qu\u00e9 llevar:<br \/>Ropa deportiva con pantalones largos.<br \/>Calzado cerrado.<br \/>Informaci\u00f3n importante: Esta actividad de paratrike es apta para la mayor\u00eda de las personas de entre 6 y 99 a\u00f1os.<\/p>\t\t\t\t\t\t\t\t<\/div>\n\t\t\t\t<\/div>\n\t\t\t\t<div class=\"elementor-element elementor-element-0f980ef elementor-widget elementor-widget-button\" data-id=\"0f980ef\" data-element_type=\"widget\" data-widget_type=\"button.default\">\n\t\t\t\t<div class=\"elementor-widget-container\">\n\t\t\t\t\t\t\t\t\t<div class=\"elementor-button-wrapper\">\n\t\t\t\t\t<a class=\"elementor-button elementor-button-link elementor-size-sm\" href=\"https:\/\/skyoftenerife.site\/es\/contact\/\">\n\t\t\t\t\t\t<span class=\"elementor-button-content-wrapper\">\n\t\t\t\t\t\t\t\t\t<span class=\"elementor-button-text\">Reserva ahora<\/span>\n\t\t\t\t\t<\/span>\n\t\t\t\t\t<\/a>\n\t\t\t\t<\/div>\n\t\t\t\t\t\t\t\t<\/div>\n\t\t\t\t<\/div>\n\t\t\t\t<\/div>\n\t\t\t\t<\/div>\n\t\t\t\t\t<\/div>\n\t\t\t\t<\/div>\n\t\t\t\t<\/div>","protected":false},"excerpt":{"rendered":"<p>Paratrike Descubre la emoci\u00f3n de sobrevolar el mar con los tours en paratrike biplaza de Sky Sky Tenerife. Vuela durante [&hellip;]<\/p>","protected":false},"author":3,"featured_media":0,"parent":0,"menu_order":0,"comment_status":"closed","ping_status":"closed","template":"elementor_header_footer","meta":{"site-sidebar-layout":"no-sidebar","site-content-layout":"","ast-site-content-layout":"full-width-container","site-content-style":"default","site-sidebar-style":"default","ast-global-header-display":"","ast-banner-title-visibility":"","ast-main-header-display":"","ast-hfb-above-header-display":"","ast-hfb-below-header-display":"","ast-hfb-mobile-header-display":"","site-post-title":"disabled","ast-breadcrumbs-content":"","ast-featured-img":"disabled","footer-sml-layout":"","theme-transparent-header-meta":"","adv-header-id-meta":"","stick-header-meta":"","header-above-stick-meta":"","header-main-stick-meta":"","header-below-stick-meta":"","astra-migrate-meta-layouts":"default","ast-page-background-enabled":"default","ast-page-background-meta":{"desktop":{"background-color":"var(--ast-global-color-4)","background-image":"","background-repeat":"repeat","background-position":"center center","background-size":"auto","background-attachment":"scroll","background-type":"","background-media":"","overlay-type":"","overlay-color":"","overlay-opacity":"","overlay-gradient":""},"tablet":{"background-color":"","background-image":"","background-repeat":"repeat","background-position":"center center","background-size":"auto","background-attachment":"scroll","background-type":"","background-media":"","overlay-type":"","overlay-color":"","overlay-opacity":"","overlay-gradient":""},"mobile":{"background-color":"","background-image":"","background-repeat":"repeat","background-position":"center center","background-size":"auto","background-attachment":"scroll","background-type":"","background-media":"","overlay-type":"","overlay-color":"","overlay-opacity":"","overlay-gradient":""}},"ast-content-background-meta":{"desktop":{"background-color":"var(--ast-global-color-5)","background-image":"","background-repeat":"repeat","background-position":"center center","background-size":"auto","background-attachment":"scroll","background-type":"","background-media":"","overlay-type":"","overlay-color":"","overlay-opacity":"","overlay-gradient":""},"tablet":{"background-color":"var(--ast-global-color-5)","background-image":"","background-repeat":"repeat","background-position":"center center","background-size":"auto","background-attachment":"scroll","background-type":"","background-media":"","overlay-type":"","overlay-color":"","overlay-opacity":"","overlay-gradient":""},"mobile":{"background-color":"var(--ast-global-color-5)","background-image":"","background-repeat":"repeat","background-position":"center center","background-size":"auto","background-attachment":"scroll","background-type":"","background-media":"","overlay-type":"","overlay-color":"","overlay-opacity":"","overlay-gradient":""}},"footnotes":""},"class_list":["post-149","page","type-page","status-publish","hentry"],"yoast_head":"<!-- This site is optimized with the Yoast SEO plugin v25.0 - https:\/\/yoast.com\/wordpress\/plugins\/seo\/ -->\n<title>Paratrike - skyoftenerife.site<\/title>\n<meta name=\"robots\" content=\"noindex, nofollow\" \/>\n<meta property=\"og:locale\" content=\"es_MX\" \/>\n<meta property=\"og:type\" content=\"article\" \/>\n<meta property=\"og:title\" content=\"Paratrike - skyoftenerife.site\" \/>\n<meta property=\"og:description\" content=\"Paratrike Descubre la emoci\u00f3n de sobrevolar el mar con los tours en paratrike biplaza de Sky Sky Tenerife. Vuela durante [&hellip;]\" \/>\n<meta property=\"og:url\" content=\"https:\/\/skyoftenerife.site\/es\/paratrike\/\" \/>\n<meta property=\"og:site_name\" content=\"skyoftenerife.site\" \/>\n<meta property=\"article:modified_time\" content=\"2025-09-23T13:25:46+00:00\" \/>\n<meta property=\"og:image\" content=\"https:\/\/skyoftenerife.site\/wp-content\/uploads\/2024\/09\/Sky-Dany-S.L.-Tenerife-19-768x576-3.jpg\" \/>\n\t<meta property=\"og:image:width\" content=\"768\" \/>\n\t<meta property=\"og:image:height\" content=\"576\" \/>\n\t<meta property=\"og:image:type\" content=\"image\/jpeg\" \/>\n<meta name=\"twitter:card\" content=\"summary_large_image\" \/>\n<meta name=\"twitter:label1\" content=\"Tiempo de lectura\" \/>\n\t<meta name=\"twitter:data1\" content=\"2 minutos\" \/>\n<script type=\"application\/ld+json\" class=\"yoast-schema-graph\">{\"@context\":\"https:\/\/schema.org\",\"@graph\":[{\"@type\":\"WebPage\",\"@id\":\"https:\/\/skyoftenerife.site\/paratrike\/\",\"url\":\"https:\/\/skyoftenerife.site\/paratrike\/\",\"name\":\"Paratrike - skyoftenerife.site\",\"isPartOf\":{\"@id\":\"https:\/\/skyoftenerife.site\/#website\"},\"primaryImageOfPage\":{\"@id\":\"https:\/\/skyoftenerife.site\/paratrike\/#primaryimage\"},\"image\":{\"@id\":\"https:\/\/skyoftenerife.site\/paratrike\/#primaryimage\"},\"thumbnailUrl\":\"https:\/\/skyoftenerife.site\/wp-content\/uploads\/2024\/09\/Sky-Dany-S.L.-Tenerife-19-768x576-3.jpg\",\"datePublished\":\"2024-09-05T14:18:54+00:00\",\"dateModified\":\"2025-09-23T13:25:46+00:00\",\"breadcrumb\":{\"@id\":\"https:\/\/skyoftenerife.site\/paratrike\/#breadcrumb\"},\"inLanguage\":\"es\",\"potentialAction\":[{\"@type\":\"ReadAction\",\"target\":[\"https:\/\/skyoftenerife.site\/paratrike\/\"]}]},{\"@type\":\"ImageObject\",\"inLanguage\":\"es\",\"@id\":\"https:\/\/skyoftenerife.site\/paratrike\/#primaryimage\",\"url\":\"https:\/\/skyoftenerife.site\/wp-content\/uploads\/2024\/09\/Sky-Dany-S.L.-Tenerife-19-768x576-3.jpg\",\"contentUrl\":\"https:\/\/skyoftenerife.site\/wp-content\/uploads\/2024\/09\/Sky-Dany-S.L.-Tenerife-19-768x576-3.jpg\"},{\"@type\":\"BreadcrumbList\",\"@id\":\"https:\/\/skyoftenerife.site\/paratrike\/#breadcrumb\",\"itemListElement\":[{\"@type\":\"ListItem\",\"position\":1,\"name\":\"Portada\",\"item\":\"https:\/\/skyoftenerife.site\/\"},{\"@type\":\"ListItem\",\"position\":2,\"name\":\"Paratrike\"}]},{\"@type\":\"WebSite\",\"@id\":\"https:\/\/skyoftenerife.site\/#website\",\"url\":\"https:\/\/skyoftenerife.site\/\",\"name\":\"skyoftenerife.site\",\"description\":\"\",\"publisher\":{\"@id\":\"https:\/\/skyoftenerife.site\/#organization\"},\"potentialAction\":[{\"@type\":\"SearchAction\",\"target\":{\"@type\":\"EntryPoint\",\"urlTemplate\":\"https:\/\/skyoftenerife.site\/?s={search_term_string}\"},\"query-input\":{\"@type\":\"PropertyValueSpecification\",\"valueRequired\":true,\"valueName\":\"search_term_string\"}}],\"inLanguage\":\"es\"},{\"@type\":\"Organization\",\"@id\":\"https:\/\/skyoftenerife.site\/#organization\",\"name\":\"skyoftenerife.site\",\"url\":\"https:\/\/skyoftenerife.site\/\",\"logo\":{\"@type\":\"ImageObject\",\"inLanguage\":\"es\",\"@id\":\"https:\/\/skyoftenerife.site\/#\/schema\/logo\/image\/\",\"url\":\"https:\/\/skyoftenerife.site\/wp-content\/uploads\/2024\/09\/Sky-Dany-S.L.-Tenerife-logo.png\",\"contentUrl\":\"https:\/\/skyoftenerife.site\/wp-content\/uploads\/2024\/09\/Sky-Dany-S.L.-Tenerife-logo.png\",\"width\":500,\"height\":650,\"caption\":\"skyoftenerife.site\"},\"image\":{\"@id\":\"https:\/\/skyoftenerife.site\/#\/schema\/logo\/image\/\"}}]}<\/script>\n<!-- \/ Yoast SEO plugin. -->","yoast_head_json":{"title":"Paratrike - skyoftenerife.site","robots":{"index":"noindex","follow":"nofollow"},"og_locale":"es_MX","og_type":"article","og_title":"Paratrike - skyoftenerife.site","og_description":"Paratrike Descubre la emoci\u00f3n de sobrevolar el mar con los tours en paratrike biplaza de Sky Sky Tenerife. Vuela durante [&hellip;]","og_url":"https:\/\/skyoftenerife.site\/es\/paratrike\/","og_site_name":"skyoftenerife.site","article_modified_time":"2025-09-23T13:25:46+00:00","og_image":[{"width":768,"height":576,"url":"https:\/\/skyoftenerife.site\/wp-content\/uploads\/2024\/09\/Sky-Dany-S.L.-Tenerife-19-768x576-3.jpg","type":"image\/jpeg"}],"twitter_card":"summary_large_image","twitter_misc":{"Tiempo de lectura":"2 minutos"},"schema":{"@context":"https:\/\/schema.org","@graph":[{"@type":"WebPage","@id":"https:\/\/skyoftenerife.site\/paratrike\/","url":"https:\/\/skyoftenerife.site\/paratrike\/","name":"Paratrike - skyoftenerife.site","isPartOf":{"@id":"https:\/\/skyoftenerife.site\/#website"},"primaryImageOfPage":{"@id":"https:\/\/skyoftenerife.site\/paratrike\/#primaryimage"},"image":{"@id":"https:\/\/skyoftenerife.site\/paratrike\/#primaryimage"},"thumbnailUrl":"https:\/\/skyoftenerife.site\/wp-content\/uploads\/2024\/09\/Sky-Dany-S.L.-Tenerife-19-768x576-3.jpg","datePublished":"2024-09-05T14:18:54+00:00","dateModified":"2025-09-23T13:25:46+00:00","breadcrumb":{"@id":"https:\/\/skyoftenerife.site\/paratrike\/#breadcrumb"},"inLanguage":"es","potentialAction":[{"@type":"ReadAction","target":["https:\/\/skyoftenerife.site\/paratrike\/"]}]},{"@type":"ImageObject","inLanguage":"es","@id":"https:\/\/skyoftenerife.site\/paratrike\/#primaryimage","url":"https:\/\/skyoftenerife.site\/wp-content\/uploads\/2024\/09\/Sky-Dany-S.L.-Tenerife-19-768x576-3.jpg","contentUrl":"https:\/\/skyoftenerife.site\/wp-content\/uploads\/2024\/09\/Sky-Dany-S.L.-Tenerife-19-768x576-3.jpg"},{"@type":"BreadcrumbList","@id":"https:\/\/skyoftenerife.site\/paratrike\/#breadcrumb","itemListElement":[{"@type":"ListItem","position":1,"name":"Portada","item":"https:\/\/skyoftenerife.site\/"},{"@type":"ListItem","position":2,"name":"Paratrike"}]},{"@type":"WebSite","@id":"https:\/\/skyoftenerife.site\/#website","url":"https:\/\/skyoftenerife.site\/","name":"skyoftenerife.site","description":"","publisher":{"@id":"https:\/\/skyoftenerife.site\/#organization"},"potentialAction":[{"@type":"SearchAction","target":{"@type":"EntryPoint","urlTemplate":"https:\/\/skyoftenerife.site\/?s={search_term_string}"},"query-input":{"@type":"PropertyValueSpecification","valueRequired":true,"valueName":"search_term_string"}}],"inLanguage":"es"},{"@type":"Organization","@id":"https:\/\/skyoftenerife.site\/#organization","name":"skyoftenerife.site","url":"https:\/\/skyoftenerife.site\/","logo":{"@type":"ImageObject","inLanguage":"es","@id":"https:\/\/skyoftenerife.site\/#\/schema\/logo\/image\/","url":"https:\/\/skyoftenerife.site\/wp-content\/uploads\/2024\/09\/Sky-Dany-S.L.-Tenerife-logo.png","contentUrl":"https:\/\/skyoftenerife.site\/wp-content\/uploads\/2024\/09\/Sky-Dany-S.L.-Tenerife-logo.png","width":500,"height":650,"caption":"skyoftenerife.site"},"image":{"@id":"https:\/\/skyoftenerife.site\/#\/schema\/logo\/image\/"}}]}},"_links":{"self":[{"href":"https:\/\/skyoftenerife.site\/es\/wp-json\/wp\/v2\/pages\/149"}],"collection":[{"href":"https:\/\/skyoftenerife.site\/es\/wp-json\/wp\/v2\/pages"}],"about":[{"href":"https:\/\/skyoftenerife.site\/es\/wp-json\/wp\/v2\/types\/page"}],"author":[{"embeddable":true,"href":"https:\/\/skyoftenerife.site\/es\/wp-json\/wp\/v2\/users\/3"}],"replies":[{"embeddable":true,"href":"https:\/\/skyoftenerife.site\/es\/wp-json\/wp\/v2\/comments?post=149"}],"version-history":[{"count":8,"href":"https:\/\/skyoftenerife.site\/es\/wp-json\/wp\/v2\/pages\/149\/revisions"}],"predecessor-version":[{"id":669,"href":"https:\/\/skyoftenerife.site\/es\/wp-json\/wp\/v2\/pages\/149\/revisions\/669"}],"wp:attachment":[{"href":"https:\/\/skyoftenerife.site\/es\/wp-json\/wp\/v2\/media?parent=149"}],"curies":[{"name":"wp","href":"https:\/\/api.w.org\/{rel}","templated":true}]}}