{"id":136,"date":"2024-09-05T14:17:08","date_gmt":"2024-09-05T14:17:08","guid":{"rendered":"https:\/\/skyoftenerife.site\/?page_id=136"},"modified":"2025-07-24T21:21:49","modified_gmt":"2025-07-24T21:21:49","slug":"declaracion-de-accesibilidad","status":"publish","type":"page","link":"https:\/\/skyoftenerife.site\/es\/declaracion-de-accesibilidad\/","title":{"rendered":"Declaraci\u00f3n de accesibilidad"},"content":{"rendered":"<div data-elementor-type=\"wp-page\" data-elementor-id=\"136\" class=\"elementor elementor-136\" data-elementor-post-type=\"page\">\n\t\t\t\t<div class=\"elementor-element elementor-element-5d9e2177 e-flex e-con-boxed e-con e-parent\" data-id=\"5d9e2177\" data-element_type=\"container\">\n\t\t\t\t\t<div class=\"e-con-inner\">\n\t\t\t\t<div class=\"elementor-element elementor-element-2522428a elementor-widget elementor-widget-text-editor\" data-id=\"2522428a\" data-element_type=\"widget\" data-widget_type=\"text-editor.default\">\n\t\t\t\t<div class=\"elementor-widget-container\">\n\t\t\t\t\t\t\t\t\t<div class=\"entry-header\"><h1 class=\"jeg_post_title\">Declaraci\u00f3n de Accesibilidad<\/h1><\/div><div class=\"jeg_featured featured_image\">\u00a0<\/div><div class=\"jeg_share_top_container\">\u00a0<\/div><div class=\"entry-content\"><div class=\"content-inner\"><p>En la construcci\u00f3n de la p\u00e1gina web de <a href=\"http:\/\/adgzagricultura.com\">adgzagricultura.com<\/a>\u00a0se han adoptado medidas con el objetivo de que el mayor n\u00famero posible de personas puedan llegar a la informaci\u00f3n que se transmite en ella, independientemente de las limitaciones de la persona o de las que se deriven del contexto de uso.<\/p><p>As\u00ed, en la confecci\u00f3n del portal se han tenido en cuenta los siguientes aspectos:<\/p><ul><li>Uso de CSS para la presentaci\u00f3n de la informaci\u00f3n.<\/li><li>Etiquetas de marcaje.<\/li><li>Sistemas de navegaci\u00f3n usables, intuitivos y alternativos.<\/li><li>Descripciones alternativas en las im\u00e1genes.<\/li><li>Verificaciones en la visualizaci\u00f3n con diferentes navegadores y dispositivos.<\/li><li>Utilizaci\u00f3n de formatos universales y alternativos.<\/li><li>Los enlaces ofrecen detalles de la funci\u00f3n o destino del hiperv\u00ednculo.<\/li><li>Uso de los est\u00e1ndares del W3C.<\/li><li>Acceso mediante atajos teclado a las principales opciones.<\/li><\/ul><h3 class=\"wp-block-heading\">Cumplimiento de los est\u00e1ndares<\/h3><p>Las p\u00e1ginas de este sitio Web cumplen la marca AA seg\u00fan la Norma UNE 139803:2004 y las Directrices de Accesibilidad para el Contenido Web 1.0 del W3C. Todos los requisitos de Prioridad 1 y Prioridad 2 y un subconjunto de los requisitos de Prioridad 3 han sido comprobados con un an\u00e1lisis manual de la accesibilidad a trav\u00e9s de diferentes herramientas semi-autom\u00e1ticas y agentes de usuario.<\/p><h3 class=\"wp-block-heading\">Atajos de teclado<\/h3><p>En esta Web puede hacer saltos ordenados en el contenido con la tecla Tab.<\/p><h3 class=\"wp-block-heading\">Tama\u00f1o del texto<\/h3><p>El dise\u00f1o accesible permite que el usuario pueda ajustar las fuentes al tama\u00f1o que le convenga. Esta acci\u00f3n puede llevarse a cabo de diferentes maneras seg\u00fan el navegador web que se utilice. A continuaci\u00f3n se indica la acci\u00f3n de men\u00fa donde se encuentra esta funcionalidad en los navegadores m\u00e1s frecuentes:<\/p><ul><li>Mozilla Firefox: Ver &gt; Tama\u00f1o de texto &gt; Incrementar Internet<\/li><li>Internet Explorer: Ver &gt; Tama\u00f1o de texto &gt; M\u00e1s grande<\/li><li>Opera: View &gt; Zoom &gt; %<\/li><li>Safari: View &gt; Make text bigger<\/li><li>Google Chrome: Herramientas &gt; Zoom<\/li><\/ul><h3 class=\"wp-block-heading\">Configuraci\u00f3n t\u00e9cnica<\/h3><p>Las p\u00e1ginas web est\u00e1n creadas con el CMS WordPress 6.1.1.<\/p><h3 class=\"wp-block-heading\">Informaci\u00f3n \u00fatil sobre la accesibilidad<\/h3><p>Seguidamente se exponen una serie de enlaces organizados en diferentes categor\u00edas \u00fatiles para obtener m\u00e1s informaci\u00f3n sobre la accesibilidad.<\/p><h4 class=\"wp-block-heading\">Accesibilidad normas y documentos t\u00e9cnicos:<\/h4><p><a href=\"http:\/\/www.w3c.org\/\" target=\"_blank\" rel=\"noreferrer noopener\">http:\/\/www.w3c.org\/<\/a><br \/>Consorcio World Wide Web, grupo de trabajo de \u00e1mbito internacional que dicta l\u00edneas generales relacionadas con la web.<\/p><p><a href=\"http:\/\/www.w3c.org\/wai\/\" target=\"_blank\" rel=\"noreferrer noopener\">http:\/\/www.w3c.org\/wai\/<\/a><br \/>Iniciativa de Accesibilidad Web del W3C.<\/p><\/div><\/div>\t\t\t\t\t\t\t\t<\/div>\n\t\t\t\t<\/div>\n\t\t\t\t\t<\/div>\n\t\t\t\t<\/div>\n\t\t\t\t<\/div>","protected":false},"excerpt":{"rendered":"<p>Declaraci\u00f3n de Accesibilidad \u00a0\u00a0 En la construcci\u00f3n de la p\u00e1gina web de adgzagricultura.com\u00a0se han adoptado medidas con el objetivo de [&hellip;]<\/p>","protected":false},"author":3,"featured_media":0,"parent":0,"menu_order":0,"comment_status":"closed","ping_status":"closed","template":"elementor_header_footer","meta":{"site-sidebar-layout":"no-sidebar","site-content-layout":"","ast-site-content-layout":"full-width-container","site-content-style":"default","site-sidebar-style":"default","ast-global-header-display":"","ast-banner-title-visibility":"","ast-main-header-display":"","ast-hfb-above-header-display":"","ast-hfb-below-header-display":"","ast-hfb-mobile-header-display":"","site-post-title":"disabled","ast-breadcrumbs-content":"","ast-featured-img":"disabled","footer-sml-layout":"","theme-transparent-header-meta":"","adv-header-id-meta":"","stick-header-meta":"","header-above-stick-meta":"","header-main-stick-meta":"","header-below-stick-meta":"","astra-migrate-meta-layouts":"default","ast-page-background-enabled":"default","ast-page-background-meta":{"desktop":{"background-color":"var(--ast-global-color-4)","background-image":"","background-repeat":"repeat","background-position":"center center","background-size":"auto","background-attachment":"scroll","background-type":"","background-media":"","overlay-type":"","overlay-color":"","overlay-opacity":"","overlay-gradient":""},"tablet":{"background-color":"","background-image":"","background-repeat":"repeat","background-position":"center center","background-size":"auto","background-attachment":"scroll","background-type":"","background-media":"","overlay-type":"","overlay-color":"","overlay-opacity":"","overlay-gradient":""},"mobile":{"background-color":"","background-image":"","background-repeat":"repeat","background-position":"center center","background-size":"auto","background-attachment":"scroll","background-type":"","background-media":"","overlay-type":"","overlay-color":"","overlay-opacity":"","overlay-gradient":""}},"ast-content-background-meta":{"desktop":{"background-color":"var(--ast-global-color-5)","background-image":"","background-repeat":"repeat","background-position":"center center","background-size":"auto","background-attachment":"scroll","background-type":"","background-media":"","overlay-type":"","overlay-color":"","overlay-opacity":"","overlay-gradient":""},"tablet":{"background-color":"var(--ast-global-color-5)","background-image":"","background-repeat":"repeat","background-position":"center center","background-size":"auto","background-attachment":"scroll","background-type":"","background-media":"","overlay-type":"","overlay-color":"","overlay-opacity":"","overlay-gradient":""},"mobile":{"background-color":"var(--ast-global-color-5)","background-image":"","background-repeat":"repeat","background-position":"center center","background-size":"auto","background-attachment":"scroll","background-type":"","background-media":"","overlay-type":"","overlay-color":"","overlay-opacity":"","overlay-gradient":""}},"footnotes":""},"class_list":["post-136","page","type-page","status-publish","hentry"],"yoast_head":"<!-- This site is optimized with the Yoast SEO plugin v25.0 - https:\/\/yoast.com\/wordpress\/plugins\/seo\/ -->\n<title>Declaraci\u00f3n de accesibilidad - skyoftenerife.site<\/title>\n<meta name=\"robots\" content=\"noindex, nofollow\" \/>\n<meta property=\"og:locale\" content=\"es_MX\" \/>\n<meta property=\"og:type\" content=\"article\" \/>\n<meta property=\"og:title\" content=\"Declaraci\u00f3n de accesibilidad - skyoftenerife.site\" \/>\n<meta property=\"og:description\" content=\"Declaraci\u00f3n de Accesibilidad \u00a0\u00a0 En la construcci\u00f3n de la p\u00e1gina web de adgzagricultura.com\u00a0se han adoptado medidas con el objetivo de [&hellip;]\" \/>\n<meta property=\"og:url\" content=\"https:\/\/skyoftenerife.site\/es\/declaracion-de-accesibilidad\/\" \/>\n<meta property=\"og:site_name\" content=\"skyoftenerife.site\" \/>\n<meta property=\"article:modified_time\" content=\"2025-07-24T21:21:49+00:00\" \/>\n<meta name=\"twitter:card\" content=\"summary_large_image\" \/>\n<meta name=\"twitter:label1\" content=\"Tiempo de lectura\" \/>\n\t<meta name=\"twitter:data1\" content=\"2 minutos\" \/>\n<script type=\"application\/ld+json\" class=\"yoast-schema-graph\">{\"@context\":\"https:\/\/schema.org\",\"@graph\":[{\"@type\":\"WebPage\",\"@id\":\"https:\/\/skyoftenerife.site\/declaracion-de-accesibilidad\/\",\"url\":\"https:\/\/skyoftenerife.site\/declaracion-de-accesibilidad\/\",\"name\":\"Declaraci\u00f3n de accesibilidad - skyoftenerife.site\",\"isPartOf\":{\"@id\":\"https:\/\/skyoftenerife.site\/#website\"},\"datePublished\":\"2024-09-05T14:17:08+00:00\",\"dateModified\":\"2025-07-24T21:21:49+00:00\",\"breadcrumb\":{\"@id\":\"https:\/\/skyoftenerife.site\/declaracion-de-accesibilidad\/#breadcrumb\"},\"inLanguage\":\"es\",\"potentialAction\":[{\"@type\":\"ReadAction\",\"target\":[\"https:\/\/skyoftenerife.site\/declaracion-de-accesibilidad\/\"]}]},{\"@type\":\"BreadcrumbList\",\"@id\":\"https:\/\/skyoftenerife.site\/declaracion-de-accesibilidad\/#breadcrumb\",\"itemListElement\":[{\"@type\":\"ListItem\",\"position\":1,\"name\":\"Portada\",\"item\":\"https:\/\/skyoftenerife.site\/\"},{\"@type\":\"ListItem\",\"position\":2,\"name\":\"Declaraci\u00f3n de accesibilidad\"}]},{\"@type\":\"WebSite\",\"@id\":\"https:\/\/skyoftenerife.site\/#website\",\"url\":\"https:\/\/skyoftenerife.site\/\",\"name\":\"skyoftenerife.site\",\"description\":\"\",\"publisher\":{\"@id\":\"https:\/\/skyoftenerife.site\/#organization\"},\"potentialAction\":[{\"@type\":\"SearchAction\",\"target\":{\"@type\":\"EntryPoint\",\"urlTemplate\":\"https:\/\/skyoftenerife.site\/?s={search_term_string}\"},\"query-input\":{\"@type\":\"PropertyValueSpecification\",\"valueRequired\":true,\"valueName\":\"search_term_string\"}}],\"inLanguage\":\"es\"},{\"@type\":\"Organization\",\"@id\":\"https:\/\/skyoftenerife.site\/#organization\",\"name\":\"skyoftenerife.site\",\"url\":\"https:\/\/skyoftenerife.site\/\",\"logo\":{\"@type\":\"ImageObject\",\"inLanguage\":\"es\",\"@id\":\"https:\/\/skyoftenerife.site\/#\/schema\/logo\/image\/\",\"url\":\"https:\/\/skyoftenerife.site\/wp-content\/uploads\/2024\/09\/Sky-Dany-S.L.-Tenerife-logo.png\",\"contentUrl\":\"https:\/\/skyoftenerife.site\/wp-content\/uploads\/2024\/09\/Sky-Dany-S.L.-Tenerife-logo.png\",\"width\":500,\"height\":650,\"caption\":\"skyoftenerife.site\"},\"image\":{\"@id\":\"https:\/\/skyoftenerife.site\/#\/schema\/logo\/image\/\"}}]}<\/script>\n<!-- \/ Yoast SEO plugin. -->","yoast_head_json":{"title":"Declaraci\u00f3n de accesibilidad - skyoftenerife.site","robots":{"index":"noindex","follow":"nofollow"},"og_locale":"es_MX","og_type":"article","og_title":"Declaraci\u00f3n de accesibilidad - skyoftenerife.site","og_description":"Declaraci\u00f3n de Accesibilidad \u00a0\u00a0 En la construcci\u00f3n de la p\u00e1gina web de adgzagricultura.com\u00a0se han adoptado medidas con el objetivo de [&hellip;]","og_url":"https:\/\/skyoftenerife.site\/es\/declaracion-de-accesibilidad\/","og_site_name":"skyoftenerife.site","article_modified_time":"2025-07-24T21:21:49+00:00","twitter_card":"summary_large_image","twitter_misc":{"Tiempo de lectura":"2 minutos"},"schema":{"@context":"https:\/\/schema.org","@graph":[{"@type":"WebPage","@id":"https:\/\/skyoftenerife.site\/declaracion-de-accesibilidad\/","url":"https:\/\/skyoftenerife.site\/declaracion-de-accesibilidad\/","name":"Declaraci\u00f3n de accesibilidad - skyoftenerife.site","isPartOf":{"@id":"https:\/\/skyoftenerife.site\/#website"},"datePublished":"2024-09-05T14:17:08+00:00","dateModified":"2025-07-24T21:21:49+00:00","breadcrumb":{"@id":"https:\/\/skyoftenerife.site\/declaracion-de-accesibilidad\/#breadcrumb"},"inLanguage":"es","potentialAction":[{"@type":"ReadAction","target":["https:\/\/skyoftenerife.site\/declaracion-de-accesibilidad\/"]}]},{"@type":"BreadcrumbList","@id":"https:\/\/skyoftenerife.site\/declaracion-de-accesibilidad\/#breadcrumb","itemListElement":[{"@type":"ListItem","position":1,"name":"Portada","item":"https:\/\/skyoftenerife.site\/"},{"@type":"ListItem","position":2,"name":"Declaraci\u00f3n de accesibilidad"}]},{"@type":"WebSite","@id":"https:\/\/skyoftenerife.site\/#website","url":"https:\/\/skyoftenerife.site\/","name":"skyoftenerife.site","description":"","publisher":{"@id":"https:\/\/skyoftenerife.site\/#organization"},"potentialAction":[{"@type":"SearchAction","target":{"@type":"EntryPoint","urlTemplate":"https:\/\/skyoftenerife.site\/?s={search_term_string}"},"query-input":{"@type":"PropertyValueSpecification","valueRequired":true,"valueName":"search_term_string"}}],"inLanguage":"es"},{"@type":"Organization","@id":"https:\/\/skyoftenerife.site\/#organization","name":"skyoftenerife.site","url":"https:\/\/skyoftenerife.site\/","logo":{"@type":"ImageObject","inLanguage":"es","@id":"https:\/\/skyoftenerife.site\/#\/schema\/logo\/image\/","url":"https:\/\/skyoftenerife.site\/wp-content\/uploads\/2024\/09\/Sky-Dany-S.L.-Tenerife-logo.png","contentUrl":"https:\/\/skyoftenerife.site\/wp-content\/uploads\/2024\/09\/Sky-Dany-S.L.-Tenerife-logo.png","width":500,"height":650,"caption":"skyoftenerife.site"},"image":{"@id":"https:\/\/skyoftenerife.site\/#\/schema\/logo\/image\/"}}]}},"_links":{"self":[{"href":"https:\/\/skyoftenerife.site\/es\/wp-json\/wp\/v2\/pages\/136"}],"collection":[{"href":"https:\/\/skyoftenerife.site\/es\/wp-json\/wp\/v2\/pages"}],"about":[{"href":"https:\/\/skyoftenerife.site\/es\/wp-json\/wp\/v2\/types\/page"}],"author":[{"embeddable":true,"href":"https:\/\/skyoftenerife.site\/es\/wp-json\/wp\/v2\/users\/3"}],"replies":[{"embeddable":true,"href":"https:\/\/skyoftenerife.site\/es\/wp-json\/wp\/v2\/comments?post=136"}],"version-history":[{"count":4,"href":"https:\/\/skyoftenerife.site\/es\/wp-json\/wp\/v2\/pages\/136\/revisions"}],"predecessor-version":[{"id":507,"href":"https:\/\/skyoftenerife.site\/es\/wp-json\/wp\/v2\/pages\/136\/revisions\/507"}],"wp:attachment":[{"href":"https:\/\/skyoftenerife.site\/es\/wp-json\/wp\/v2\/media?parent=136"}],"curies":[{"name":"wp","href":"https:\/\/api.w.org\/{rel}","templated":true}]}}