{"id":132,"date":"2024-09-05T14:16:20","date_gmt":"2024-09-05T14:16:20","guid":{"rendered":"https:\/\/skyoftenerife.site\/?page_id=132"},"modified":"2025-07-24T21:21:57","modified_gmt":"2025-07-24T21:21:57","slug":"aviso-legal","status":"publish","type":"page","link":"https:\/\/skyoftenerife.site\/es\/aviso-legal\/","title":{"rendered":"Aviso Legal"},"content":{"rendered":"<div data-elementor-type=\"wp-page\" data-elementor-id=\"132\" class=\"elementor elementor-132\" data-elementor-post-type=\"page\">\n\t\t\t\t<div class=\"elementor-element elementor-element-327d61c0 e-flex e-con-boxed e-con e-parent\" data-id=\"327d61c0\" data-element_type=\"container\">\n\t\t\t\t\t<div class=\"e-con-inner\">\n\t\t\t\t<div class=\"elementor-element elementor-element-1897ac2c elementor-widget elementor-widget-text-editor\" data-id=\"1897ac2c\" data-element_type=\"widget\" data-widget_type=\"text-editor.default\">\n\t\t\t\t<div class=\"elementor-widget-container\">\n\t\t\t\t\t\t\t\t\t<div class=\"entry-header\"><h1 class=\"jeg_post_title\">Aviso Legal<\/h1><\/div><div class=\"jeg_featured featured_image\">\u00a0<\/div><div class=\"jeg_share_top_container\"><p><span style=\"font-weight: 400;\">Raz\u00f3n social:<\/span><span style=\"font-weight: 400;\">Daniel Crespo Vald\u00e9z<\/span><\/p><p><span style=\"font-weight: 400;\">CIF: 50104164k<\/span><\/p><p><span style=\"font-weight: 400;\">Direcci\u00f3n: Av Juan Calos I N 121, El Medano 38612 Santa Cruz de Tenerife.<\/span><\/p><p><span style=\"font-weight: 400;\">N\u00famero:+34 <\/span><span style=\"font-weight: 400;\">619787623<\/span><\/p><p><span style=\"font-weight: 400;\">Correo: <\/span><a href=\"mailto:info@skyoftenerife.com\"><span style=\"font-weight: 400;\">info@skyoftenerife.com<\/span><\/a><\/p><\/div><div>\u00a0<\/div><div class=\"entry-content\"><div class=\"content-inner\"><p><span style=\"font-weight: 400;\">Daniel Crespo Vald\u00e9z<\/span> se compromete a mantener este sitio web actualizado y preciso. Si, a pesar de todo, encontrara algo incorrecto o desactualizado, le agradecer\u00edamos que nos lo hiciera saber. Por favor, indique en qu\u00e9 parte del sitio web ha le\u00eddo la informaci\u00f3n. Entonces lo examinaremos lo antes posible. Por favor, env\u00ede su duda por correo electr\u00f3nico a: <a href=\"mailto:info@skyoftenerife.com\"><span style=\"font-weight: 400;\">info@skyoftenerife.com<\/span><\/a><\/p><p>No nos hacemos responsables de la p\u00e9rdida como resultado de inexactitudes o incompletitud, ni de la p\u00e9rdida resultante de problemas causados por o inherentes a la difusi\u00f3n de informaci\u00f3n a trav\u00e9s de Internet, tales como disrupciones o interrupciones. Al utilizar formularios web, nos esforzamos por limitar al m\u00ednimo el n\u00famero de campos obligatorios. Por cualquier p\u00e9rdida sufrida como resultado del uso de datos, asesor\u00eda o ideas proporcionados por o en nombre de <span style=\"font-weight: 400;\">Daniel Crespo Vald\u00e9z<\/span> a trav\u00e9s de este sitio web, <span style=\"font-weight: 400;\">Daniel Crespo Vald\u00e9z<\/span> no acepta ninguna responsabilidad.<\/p><p>Las respuestas y preguntas sobre privacidad enviadas por correo electr\u00f3nico o a trav\u00e9s de un formulario web ser\u00e1n tratadas de la misma manera que las cartas. Esto significa que puede esperar una respuesta de nosotros en un plazo de 1 mes como m\u00e1ximo. En el caso de solicitudes complejas, le informaremos en el plazo de 1 mes si necesitamos un m\u00e1ximo de 3 meses.<\/p><p>Cualquier dato personal que nos proporcione en el contexto de su respuesta o solicitud de informaci\u00f3n s\u00f3lo se utilizar\u00e1 de acuerdo con nuestra declaraci\u00f3n de privacidad.<\/p><p><span style=\"font-weight: 400;\">Daniel Crespo Vald\u00e9z<\/span> debe hacer cada esfuerzo razonable para proteger sis sistemas contra cualquier forma de uso ilegal. <span style=\"font-weight: 400;\">Daniel Crespo Vald\u00e9z<\/span> aplicar\u00e1n las medidas t\u00e9cnicas y organizativas adecuadas a tal fin, teniendo en cuenta, entre otras cosas, el estado actual de la t\u00e9cnica. No obstante, no se hace responsable de los perjuicios, directos y\/o indirectos, sufridos por el usuario de la p\u00e1gina web, que se deriven de la utilizaci\u00f3n il\u00edcita de sus sistemas por un tercero.<\/p><p><span style=\"font-weight: 400;\">Daniel Crespo Vald\u00e9z<\/span> no se hace responsable del contenido de las p\u00e1ginas web a las que se hace referencia mediante hiperv\u00ednculos u otras referencias. Los productos o servicios ofrecidos por terceros estar\u00e1n sujetos a los t\u00e9rminos y condiciones aplicables de dichos terceros.<\/p><p>Nuestros empleados har\u00e1n todo lo posible para garantizar la accesibilidad de nuestra p\u00e1gina web y para mejorarla continuamente. Incluyendo para personas que usan software especial debido a una discapacidad.<\/p><p>Este sitio web est\u00e1 construido de acuerdo con las pautas de nivel AA WCAG 2.1. Estas pautas son acuerdos internacionalmente reconocidos sobre accesibilidad, sostenibilidad, intercambiabilidad y facilidad de b\u00fasqueda de sitios web.<\/p><p>Todos los derechos de propiedad intelectual sobre el contenido de este sitio web pertenecen a terceros que han colocado el contenido ellos mismos o de quienes <span style=\"font-weight: 400;\">Daniel Crespo Vald\u00e9z<\/span> ha obtenido una licencia de usuario.<\/p><p>La copia, difusi\u00f3n y cualquier otro uso de estos materiales no est\u00e1 permitido sin el permiso escrito de <span style=\"font-weight: 400;\">Daniel Crespo Vald\u00e9z<\/span> , excepto y s\u00f3lo en la medida en que se estipule lo contrario en los reglamentos de la ley obligatoria (como el derecho a cotizar), a menos que el contenido espec\u00edfico dicte lo contrario.<\/p><p>Si tiene alguna pregunta o problema con la accesibilidad del sitio web, no dude en ponerse en contacto con nosotros.<\/p><\/div><\/div>\t\t\t\t\t\t\t\t<\/div>\n\t\t\t\t<\/div>\n\t\t\t\t\t<\/div>\n\t\t\t\t<\/div>\n\t\t\t\t<\/div>","protected":false},"excerpt":{"rendered":"<p>Aviso Legal \u00a0 Raz\u00f3n social:Daniel Crespo Vald\u00e9z CIF: 50104164k Direcci\u00f3n: Av Juan Calos I N 121, El Medano 38612 Santa [&hellip;]<\/p>","protected":false},"author":3,"featured_media":0,"parent":0,"menu_order":0,"comment_status":"closed","ping_status":"closed","template":"elementor_header_footer","meta":{"site-sidebar-layout":"no-sidebar","site-content-layout":"","ast-site-content-layout":"full-width-container","site-content-style":"default","site-sidebar-style":"default","ast-global-header-display":"","ast-banner-title-visibility":"","ast-main-header-display":"","ast-hfb-above-header-display":"","ast-hfb-below-header-display":"","ast-hfb-mobile-header-display":"","site-post-title":"disabled","ast-breadcrumbs-content":"","ast-featured-img":"disabled","footer-sml-layout":"","theme-transparent-header-meta":"","adv-header-id-meta":"","stick-header-meta":"","header-above-stick-meta":"","header-main-stick-meta":"","header-below-stick-meta":"","astra-migrate-meta-layouts":"default","ast-page-background-enabled":"default","ast-page-background-meta":{"desktop":{"background-color":"var(--ast-global-color-4)","background-image":"","background-repeat":"repeat","background-position":"center center","background-size":"auto","background-attachment":"scroll","background-type":"","background-media":"","overlay-type":"","overlay-color":"","overlay-opacity":"","overlay-gradient":""},"tablet":{"background-color":"","background-image":"","background-repeat":"repeat","background-position":"center center","background-size":"auto","background-attachment":"scroll","background-type":"","background-media":"","overlay-type":"","overlay-color":"","overlay-opacity":"","overlay-gradient":""},"mobile":{"background-color":"","background-image":"","background-repeat":"repeat","background-position":"center center","background-size":"auto","background-attachment":"scroll","background-type":"","background-media":"","overlay-type":"","overlay-color":"","overlay-opacity":"","overlay-gradient":""}},"ast-content-background-meta":{"desktop":{"background-color":"var(--ast-global-color-5)","background-image":"","background-repeat":"repeat","background-position":"center center","background-size":"auto","background-attachment":"scroll","background-type":"","background-media":"","overlay-type":"","overlay-color":"","overlay-opacity":"","overlay-gradient":""},"tablet":{"background-color":"var(--ast-global-color-5)","background-image":"","background-repeat":"repeat","background-position":"center center","background-size":"auto","background-attachment":"scroll","background-type":"","background-media":"","overlay-type":"","overlay-color":"","overlay-opacity":"","overlay-gradient":""},"mobile":{"background-color":"var(--ast-global-color-5)","background-image":"","background-repeat":"repeat","background-position":"center center","background-size":"auto","background-attachment":"scroll","background-type":"","background-media":"","overlay-type":"","overlay-color":"","overlay-opacity":"","overlay-gradient":""}},"footnotes":""},"class_list":["post-132","page","type-page","status-publish","hentry"],"yoast_head":"<!-- This site is optimized with the Yoast SEO plugin v25.0 - https:\/\/yoast.com\/wordpress\/plugins\/seo\/ -->\n<title>Aviso Legal - skyoftenerife.site<\/title>\n<meta name=\"robots\" content=\"noindex, nofollow\" \/>\n<meta property=\"og:locale\" content=\"es_MX\" \/>\n<meta property=\"og:type\" content=\"article\" \/>\n<meta property=\"og:title\" content=\"Aviso Legal - skyoftenerife.site\" \/>\n<meta property=\"og:description\" content=\"Aviso Legal \u00a0 Raz\u00f3n social:Daniel Crespo Vald\u00e9z CIF: 50104164k Direcci\u00f3n: Av Juan Calos I N 121, El Medano 38612 Santa [&hellip;]\" \/>\n<meta property=\"og:url\" content=\"https:\/\/skyoftenerife.site\/es\/aviso-legal\/\" \/>\n<meta property=\"og:site_name\" content=\"skyoftenerife.site\" \/>\n<meta property=\"article:modified_time\" content=\"2025-07-24T21:21:57+00:00\" \/>\n<meta name=\"twitter:card\" content=\"summary_large_image\" \/>\n<meta name=\"twitter:label1\" content=\"Tiempo de lectura\" \/>\n\t<meta name=\"twitter:data1\" content=\"3 minutos\" \/>\n<script type=\"application\/ld+json\" class=\"yoast-schema-graph\">{\"@context\":\"https:\/\/schema.org\",\"@graph\":[{\"@type\":\"WebPage\",\"@id\":\"https:\/\/skyoftenerife.site\/aviso-legal\/\",\"url\":\"https:\/\/skyoftenerife.site\/aviso-legal\/\",\"name\":\"Aviso Legal - skyoftenerife.site\",\"isPartOf\":{\"@id\":\"https:\/\/skyoftenerife.site\/#website\"},\"datePublished\":\"2024-09-05T14:16:20+00:00\",\"dateModified\":\"2025-07-24T21:21:57+00:00\",\"breadcrumb\":{\"@id\":\"https:\/\/skyoftenerife.site\/aviso-legal\/#breadcrumb\"},\"inLanguage\":\"es\",\"potentialAction\":[{\"@type\":\"ReadAction\",\"target\":[\"https:\/\/skyoftenerife.site\/aviso-legal\/\"]}]},{\"@type\":\"BreadcrumbList\",\"@id\":\"https:\/\/skyoftenerife.site\/aviso-legal\/#breadcrumb\",\"itemListElement\":[{\"@type\":\"ListItem\",\"position\":1,\"name\":\"Portada\",\"item\":\"https:\/\/skyoftenerife.site\/\"},{\"@type\":\"ListItem\",\"position\":2,\"name\":\"Aviso Legal\"}]},{\"@type\":\"WebSite\",\"@id\":\"https:\/\/skyoftenerife.site\/#website\",\"url\":\"https:\/\/skyoftenerife.site\/\",\"name\":\"skyoftenerife.site\",\"description\":\"\",\"publisher\":{\"@id\":\"https:\/\/skyoftenerife.site\/#organization\"},\"potentialAction\":[{\"@type\":\"SearchAction\",\"target\":{\"@type\":\"EntryPoint\",\"urlTemplate\":\"https:\/\/skyoftenerife.site\/?s={search_term_string}\"},\"query-input\":{\"@type\":\"PropertyValueSpecification\",\"valueRequired\":true,\"valueName\":\"search_term_string\"}}],\"inLanguage\":\"es\"},{\"@type\":\"Organization\",\"@id\":\"https:\/\/skyoftenerife.site\/#organization\",\"name\":\"skyoftenerife.site\",\"url\":\"https:\/\/skyoftenerife.site\/\",\"logo\":{\"@type\":\"ImageObject\",\"inLanguage\":\"es\",\"@id\":\"https:\/\/skyoftenerife.site\/#\/schema\/logo\/image\/\",\"url\":\"https:\/\/skyoftenerife.site\/wp-content\/uploads\/2024\/09\/Sky-Dany-S.L.-Tenerife-logo.png\",\"contentUrl\":\"https:\/\/skyoftenerife.site\/wp-content\/uploads\/2024\/09\/Sky-Dany-S.L.-Tenerife-logo.png\",\"width\":500,\"height\":650,\"caption\":\"skyoftenerife.site\"},\"image\":{\"@id\":\"https:\/\/skyoftenerife.site\/#\/schema\/logo\/image\/\"}}]}<\/script>\n<!-- \/ Yoast SEO plugin. -->","yoast_head_json":{"title":"Aviso Legal - skyoftenerife.site","robots":{"index":"noindex","follow":"nofollow"},"og_locale":"es_MX","og_type":"article","og_title":"Aviso Legal - skyoftenerife.site","og_description":"Aviso Legal \u00a0 Raz\u00f3n social:Daniel Crespo Vald\u00e9z CIF: 50104164k Direcci\u00f3n: Av Juan Calos I N 121, El Medano 38612 Santa [&hellip;]","og_url":"https:\/\/skyoftenerife.site\/es\/aviso-legal\/","og_site_name":"skyoftenerife.site","article_modified_time":"2025-07-24T21:21:57+00:00","twitter_card":"summary_large_image","twitter_misc":{"Tiempo de lectura":"3 minutos"},"schema":{"@context":"https:\/\/schema.org","@graph":[{"@type":"WebPage","@id":"https:\/\/skyoftenerife.site\/aviso-legal\/","url":"https:\/\/skyoftenerife.site\/aviso-legal\/","name":"Aviso Legal - skyoftenerife.site","isPartOf":{"@id":"https:\/\/skyoftenerife.site\/#website"},"datePublished":"2024-09-05T14:16:20+00:00","dateModified":"2025-07-24T21:21:57+00:00","breadcrumb":{"@id":"https:\/\/skyoftenerife.site\/aviso-legal\/#breadcrumb"},"inLanguage":"es","potentialAction":[{"@type":"ReadAction","target":["https:\/\/skyoftenerife.site\/aviso-legal\/"]}]},{"@type":"BreadcrumbList","@id":"https:\/\/skyoftenerife.site\/aviso-legal\/#breadcrumb","itemListElement":[{"@type":"ListItem","position":1,"name":"Portada","item":"https:\/\/skyoftenerife.site\/"},{"@type":"ListItem","position":2,"name":"Aviso Legal"}]},{"@type":"WebSite","@id":"https:\/\/skyoftenerife.site\/#website","url":"https:\/\/skyoftenerife.site\/","name":"skyoftenerife.site","description":"","publisher":{"@id":"https:\/\/skyoftenerife.site\/#organization"},"potentialAction":[{"@type":"SearchAction","target":{"@type":"EntryPoint","urlTemplate":"https:\/\/skyoftenerife.site\/?s={search_term_string}"},"query-input":{"@type":"PropertyValueSpecification","valueRequired":true,"valueName":"search_term_string"}}],"inLanguage":"es"},{"@type":"Organization","@id":"https:\/\/skyoftenerife.site\/#organization","name":"skyoftenerife.site","url":"https:\/\/skyoftenerife.site\/","logo":{"@type":"ImageObject","inLanguage":"es","@id":"https:\/\/skyoftenerife.site\/#\/schema\/logo\/image\/","url":"https:\/\/skyoftenerife.site\/wp-content\/uploads\/2024\/09\/Sky-Dany-S.L.-Tenerife-logo.png","contentUrl":"https:\/\/skyoftenerife.site\/wp-content\/uploads\/2024\/09\/Sky-Dany-S.L.-Tenerife-logo.png","width":500,"height":650,"caption":"skyoftenerife.site"},"image":{"@id":"https:\/\/skyoftenerife.site\/#\/schema\/logo\/image\/"}}]}},"_links":{"self":[{"href":"https:\/\/skyoftenerife.site\/es\/wp-json\/wp\/v2\/pages\/132"}],"collection":[{"href":"https:\/\/skyoftenerife.site\/es\/wp-json\/wp\/v2\/pages"}],"about":[{"href":"https:\/\/skyoftenerife.site\/es\/wp-json\/wp\/v2\/types\/page"}],"author":[{"embeddable":true,"href":"https:\/\/skyoftenerife.site\/es\/wp-json\/wp\/v2\/users\/3"}],"replies":[{"embeddable":true,"href":"https:\/\/skyoftenerife.site\/es\/wp-json\/wp\/v2\/comments?post=132"}],"version-history":[{"count":5,"href":"https:\/\/skyoftenerife.site\/es\/wp-json\/wp\/v2\/pages\/132\/revisions"}],"predecessor-version":[{"id":614,"href":"https:\/\/skyoftenerife.site\/es\/wp-json\/wp\/v2\/pages\/132\/revisions\/614"}],"wp:attachment":[{"href":"https:\/\/skyoftenerife.site\/es\/wp-json\/wp\/v2\/media?parent=132"}],"curies":[{"name":"wp","href":"https:\/\/api.w.org\/{rel}","templated":true}]}}